{"id":11,"date":"2016-12-12T22:28:17","date_gmt":"2016-12-12T21:28:17","guid":{"rendered":"http:\/\/ctyrlistek-pardubice.eu\/nemosice\/?page_id=11"},"modified":"2024-09-24T18:48:05","modified_gmt":"2024-09-24T16:48:05","slug":"organizace","status":"publish","type":"page","link":"https:\/\/ctyrlistek-pardubice.eu\/nemosice\/organizace\/","title":{"rendered":"Organizace"},"content":{"rendered":"<h2><span style=\"color: #008000\">T\u0159\u00edda Slun\u00ed\u010dka &#8211; odlou\u010den\u00e9 pracovi\u0161t\u011b Nemo\u0161ice<\/span><\/h2>\n<p><span style=\"color: #000000\">Do t\u0159\u00eddy doch\u00e1zej\u00ed zpravidla d\u011bti od t\u0159\u00ed do sedmi let.<\/span><\/p>\n<h2><span style=\"color: #000000\"><span style=\"color: #008000\">Provozn\u00ed doba \u0161koly: 6:30 &#8211; 16:00 hod.<\/span><\/span><\/h2>\n<h2><span style=\"color: #008000\">Odpov\u011bdn\u00e9 osoby:<\/span><\/h2>\n<p><span style=\"color: #000000\">\u0159editelka M\u0160, vedouc\u00ed u\u010ditelka odlou\u010den\u00e9ho pracovi\u0161t\u011b: Nina Kvapilov\u00e1<\/span><\/p>\n<p><span style=\"color: #000000\">u\u010ditelka: Jana Machov\u00e1<\/span><\/p>\n<p><span style=\"color: #000000\">u\u010ditelka: Lucie Hadrava<\/span><\/p>\n<p><span style=\"color: #000000\">\u0161kolnice: Ivana Zamazalov\u00e1<\/span><\/p>\n<p><span style=\"color: #000000\">vedouc\u00ed \u0161koln\u00ed j\u00eddelny:\u00a0 Bro\u017ekov\u00e1 Petra, tel: 466 654 500,\u00a0mobil: 773 551 250<\/span><\/p>\n<h2><span style=\"color: #008000\">Kontakty:\u00a0<\/span><\/h2>\n<p><span style=\"color: #000000\">tel: 466 304 730, mobil 734 787 720<\/span><\/p>\n<p><span style=\"color: #000000\">e-mail: nemosice@ctyrlistek-pardubice.eu<\/span><\/p>\n<p><span style=\"color: #000000\">web: ctyrlistek-pardubice.eu<\/span><\/p>\n<h2><span style=\"color: #008000\">Informace o platb\u00e1ch:<\/span><\/h2>\n<p><span style=\"color: #000000\">Platnost od 1. 9. 2024<\/span><br \/>\n<span style=\"color: #000000\">Stravn\u00e9 celodenn\u00ed 1008,00 K\u010d m\u011bs\u00edc (3-6 let)<\/span><br \/>\n<span style=\"color: #000000\">Stravn\u00e9 polodenn\u00ed 819,00 K\u010d m\u011bs\u00edc (3-6 let)<\/span><\/p>\n<p><span style=\"color: #000000\">Stravn\u00e9 celodenn\u00ed 1050,00 K\u010d m\u011bs\u00edc (7 let)<\/span><br \/>\n<span style=\"color: #000000\">Stravn\u00e9 polodenn\u00ed 840,00 K\u010d m\u011bs\u00edc (7 let)<\/span><\/p>\n<p><span style=\"color: #000000\">\u0160koln\u00e9 830 K\u010d (p<\/span><span style=\"color: #000000\">\u0159ed\u0161kol\u00e1ci \u0161koln\u00e9 neplat\u00ed)<\/span><br \/>\n<span style=\"color: #000000\">\u010c\u00edslo \u00fa\u010dtu: 38535561\/0100<\/span><\/p>\n<p><span style=\"color: #000000\">(STRAVN\u00c9 A \u0160KOLN\u00c9 SE PLAT\u00cd SOU\u010cTEM P\u0158\u00cdSLU\u0160N\u00ddCH \u010c\u00c1STEK DOHROMADY NA N\u00c1SLEDUJ\u00cdC\u00cd M\u011aS\u00cdC. DOPORU\u010cEN\u00c9 DATUM PRVN\u00cd PLATBY DO 15.8. 2024. POSLEDN\u00cd PLATBA DO 15.5. 2025.)<\/span><\/p>\n","protected":false},"excerpt":{"rendered":"<p>T\u0159\u00edda Slun\u00ed\u010dka &#8211; odlou\u010den\u00e9 pracovi\u0161t\u011b Nemo\u0161ice Do t\u0159\u00eddy doch\u00e1zej\u00ed zpravidla d\u011bti od t\u0159\u00ed do sedmi let. Provozn\u00ed doba \u0161koly: 6:30 &#8211; 16:00 hod. Odpov\u011bdn\u00e9 osoby: \u0159editelka M\u0160, vedouc\u00ed u\u010ditelka odlou\u010den\u00e9ho pracovi\u0161t\u011b: Nina Kvapilov\u00e1 u\u010ditelka: Jana Machov\u00e1 u\u010ditelka: Lucie Hadrava \u0161kolnice: Ivana Zamazalov\u00e1 vedouc\u00ed \u0161koln\u00ed j\u00eddelny:\u00a0 Bro\u017ekov\u00e1 Petra, tel: 466 654 500,\u00a0mobil: 773 551 250 Kontakty:\u00a0 [&hellip;]<\/p>\n","protected":false},"author":1,"featured_media":0,"parent":0,"menu_order":4,"comment_status":"closed","ping_status":"closed","template":"","meta":{"_acf_changed":false,"footnotes":""},"class_list":["post-11","page","type-page","status-publish","hentry"],"acf":[],"_links":{"self":[{"href":"https:\/\/ctyrlistek-pardubice.eu\/nemosice\/wp-json\/wp\/v2\/pages\/11","targetHints":{"allow":["GET"]}}],"collection":[{"href":"https:\/\/ctyrlistek-pardubice.eu\/nemosice\/wp-json\/wp\/v2\/pages"}],"about":[{"href":"https:\/\/ctyrlistek-pardubice.eu\/nemosice\/wp-json\/wp\/v2\/types\/page"}],"author":[{"embeddable":true,"href":"https:\/\/ctyrlistek-pardubice.eu\/nemosice\/wp-json\/wp\/v2\/users\/1"}],"replies":[{"embeddable":true,"href":"https:\/\/ctyrlistek-pardubice.eu\/nemosice\/wp-json\/wp\/v2\/comments?post=11"}],"version-history":[{"count":21,"href":"https:\/\/ctyrlistek-pardubice.eu\/nemosice\/wp-json\/wp\/v2\/pages\/11\/revisions"}],"predecessor-version":[{"id":14337,"href":"https:\/\/ctyrlistek-pardubice.eu\/nemosice\/wp-json\/wp\/v2\/pages\/11\/revisions\/14337"}],"wp:attachment":[{"href":"https:\/\/ctyrlistek-pardubice.eu\/nemosice\/wp-json\/wp\/v2\/media?parent=11"}],"curies":[{"name":"wp","href":"https:\/\/api.w.org\/{rel}","templated":true}]}}