{"id":12224,"date":"2024-02-27T16:39:02","date_gmt":"2024-02-27T15:39:02","guid":{"rendered":"https:\/\/ctyrlistek-pardubice.eu\/nemosice\/?page_id=12224"},"modified":"2026-01-20T12:52:05","modified_gmt":"2026-01-20T11:52:05","slug":"projekty-ms","status":"publish","type":"page","link":"https:\/\/ctyrlistek-pardubice.eu\/nemosice\/organizace\/projekty-ms\/","title":{"rendered":"Projekty M\u0160"},"content":{"rendered":"<h2>Seznam v\u0161ech projekt\u016f na\u0161\u00ed mate\u0159sk\u00e9 \u0161koly<\/h2>\r\n<span style=\"color: #008000\"><strong>Celoro\u010dn\u00ed projekty:\u00a0<\/strong><\/span>\r\n\r\n<strong>1\/<a href=\"https:\/\/ctyrlistek-pardubice.eu\/wp-content\/themes\/ms-ctyrlistek\/imageprotector.php?filename=sites\/3\/2024\/02\/Cvicime-se-zviratky-nastenka-oprava.pdf\">,,Sv\u011bt nekon\u010d\u00ed za vr\u00e1tky, cvi\u010d\u00edme se zv\u00ed\u0159\u00e1tky\u201c<\/a><\/strong> \u2013 celoro\u010dn\u00ed projekt M\u0160 \u010cty\u0159l\u00edstek Pardubice &#8211; Nemo\u0161ice zam\u011b\u0159en\u00fd na sportovn\u00ed v\u0161estrannost.\r\nProjekt vypracovala a organizuje \u010cesk\u00e1 obec sokolsk\u00e1 pod z\u00e1\u0161titou M\u0160MT. Zapojeny jsou v\u0161echny d\u011bti od 3 do 6 let.\r\n\r\n<strong>2\/<\/strong> <strong><a href=\"https:\/\/ctyrlistek-pardubice.eu\/wp-content\/themes\/ms-ctyrlistek\/imageprotector.php?filename=sites\/3\/2024\/02\/Bezva-hrani-s-kamarady-nastenka-oprava-1.pdf\">&#8222;Bezva hran\u00ed s kamar\u00e1dy&#8220;<\/a> <\/strong>&#8211; celoro\u010dn\u00ed projekt zam\u011b\u0159en\u00fd na rozvoj pohybu, smyslov\u00e9ho vn\u00edm\u00e1n\u00ed a spolupr\u00e1ci d\u011bt\u00ed\r\n\r\n<strong>3\/<\/strong> <a href=\"https:\/\/ctyrlistek-pardubice.eu\/wp-content\/themes\/ms-ctyrlistek\/imageprotector.php?filename=sites\/3\/2024\/03\/Voda-zaklad-zivota-nastenka.pdf\"><strong>&#8222;Voda z\u00e1klad \u017eivota&#8220;<\/strong><\/a> &#8211; celoro\u010dn\u00ed environment\u00e1ln\u00ed projekt\r\n\r\n<strong>4\/ <a href=\"https:\/\/ctyrlistek-pardubice.eu\/wp-content\/themes\/ms-ctyrlistek\/imageprotector.php?filename=sites\/3\/2024\/03\/Jak-vyzrat-na-odpad-nastenka.pdf\">&#8222;Jak vyzr\u00e1t na odpad&#8220;<\/a><\/strong> &#8211; celoro\u010dn\u00ed environment\u00e1ln\u00ed projekt\r\n\r\n<strong>5\/ <a href=\"https:\/\/ctyrlistek-pardubice.eu\/wp-content\/themes\/ms-ctyrlistek\/imageprotector.php?filename=sites\/3\/2024\/03\/Jak-na-chut-ke-zdravemu-jidlu.pdf\">&#8222;Jak na chu\u0165 ke zdrav\u00e9mu j\u00eddlu&#8220;<\/a><\/strong> &#8211; celoro\u010dn\u00ed projekt o zdrav\u00e9 \u017eivotospr\u00e1v\u011b\r\n\r\n<strong>6\/ <a href=\"https:\/\/ctyrlistek-pardubice.eu\/wp-content\/themes\/ms-ctyrlistek\/imageprotector.php?filename=sites\/3\/2024\/03\/Cesta-ke-ctnostem-nastenka-1.pdf\">&#8222;Cesta ke ctnostem&#8220;<\/a><\/strong> &#8211; celoro\u010dn\u00ed projekt\r\n\r\n<strong>7\/ <a href=\"https:\/\/ctyrlistek-pardubice.eu\/wp-content\/themes\/ms-ctyrlistek\/imageprotector.php?filename=sites\/3\/2024\/03\/Kniha-je-muj-kamarad-Nemosice-nastenka.pdf\">&#8222;Kniha je m\u016fj kamar\u00e1d&#8220;<\/a><\/strong> &#8211; celoro\u010dn\u00ed projekt M\u0160 \u010cty\u0159l\u00edstek &#8211; Nemo\u0161ice zam\u011b\u0159en\u00fd na p\u0159ed\u010dten\u00e1\u0159skou gramotnost\r\n\r\n8\/<strong> <a href=\"https:\/\/ctyrlistek-pardubice.eu\/wp-content\/themes\/ms-ctyrlistek\/imageprotector.php?filename=sites\/3\/2025\/11\/Udrz-se-nastenka.pdf\">&#8222;Udr\u017e se&#8220;<\/a><\/strong> &#8211; celoro\u010dn\u00ed projekt zam\u011b\u0159en\u00fd na spr\u00e1vn\u00e9 dr\u017een\u00ed t\u011bla a celkov\u00e9mu motorick\u00e9mu v\u00fdvoji\r\n\r\n<span style=\"color: #008000\"><strong>Kr\u00e1tkodob\u00e9 projekty:<\/strong><\/span>\r\n\r\n<strong>9\/<\/strong> <a href=\"https:\/\/ctyrlistek-pardubice.eu\/wp-content\/themes\/ms-ctyrlistek\/imageprotector.php?filename=sites\/3\/2024\/03\/Jede-Martin.-NASTENKA.pdf\"><strong>&#8222;Jede Martin na b\u00edl\u00e9m koni, podk\u016fvky vesele zvon\u00ed&#8220;<\/strong><\/a> &#8211; tradi\u010dn\u00ed projekt M\u0160\r\n\r\n<strong>10\/<\/strong> <a href=\"https:\/\/ctyrlistek-pardubice.eu\/wp-content\/themes\/ms-ctyrlistek\/imageprotector.php?filename=sites\/3\/2024\/03\/Zahradni-slavnost-nastenka.pdf\"><strong>&#8222;Zahradn\u00ed slavnost&#8220; <\/strong><\/a>&#8211; akce pro rodi\u010de, d\u011bti i p\u0159\u00e1tele \u0161koly M\u0160 \u010cty\u0159l\u00edstek &#8211; Nemo\u0161ice s environment\u00e1ln\u00edm p\u0159esahem\r\n\r\n<strong>11\/<\/strong> <a href=\"https:\/\/ctyrlistek-pardubice.eu\/wp-content\/themes\/ms-ctyrlistek\/imageprotector.php?filename=sites\/3\/2024\/02\/podzimni-slavnost-NASTENKA-opraveno.pdf\"><strong>&#8222;Podzimn\u00ed slavnost&#8220;<\/strong><\/a> &#8211; akce pro rodi\u010de, d\u011bti i p\u0159\u00e1tele \u0161koly M\u0160 \u010cty\u0159l\u00edstek &#8211; Nemo\u0161ice s environment\u00e1ln\u00edm p\u0159esahem\r\n\r\n<strong>12\/ <a href=\"https:\/\/ctyrlistek-pardubice.eu\/wp-content\/themes\/ms-ctyrlistek\/imageprotector.php?filename=sites\/3\/2024\/03\/Ptaci-v-zime-nastenka-1.pdf\">&#8222;Pt\u00e1ci v zim\u011b&#8220;<\/a><\/strong> &#8211; environment\u00e1ln\u00ed projekt\r\n\r\n<strong>13\/<\/strong><span style=\"color: #333333\"><strong><a href=\"https:\/\/ctyrlistek-pardubice.eu\/wp-content\/themes\/ms-ctyrlistek\/imageprotector.php?filename=sites\/3\/2024\/03\/Zdravy-zoubek-je-vesely-zoubek.pdf\"> &#8222;Zdrav\u00fd zoubek je vesel\u00fd zoubek&#8220;<\/a> <\/strong><\/span>&#8211; prevence &#8211; p\u00e9\u010de o chrup\r\n\r\n<strong>14\/<\/strong> <a href=\"https:\/\/ctyrlistek-pardubice.eu\/wp-content\/themes\/ms-ctyrlistek\/imageprotector.php?filename=sites\/3\/2024\/06\/Cary-mary-carujem-nastenka.pdf\"><strong>&#8222;\u010c\u00e1ry m\u00e1ry \u010darujem&#8220; <\/strong><\/a>&#8211; akce pro rodi\u010de, d\u011bti i p\u0159\u00e1tele \u0161koly\r\n\r\n<strong>15\/ <a href=\"https:\/\/ctyrlistek-pardubice.eu\/wp-content\/themes\/ms-ctyrlistek\/imageprotector.php?filename=sites\/3\/2024\/03\/mamo-tato-pojd-si-hrat-oprava.pdf\">&#8222;M\u00e1mo, t\u00e1to, poj\u010f si hr\u00e1t&#8220;<\/a><\/strong> &#8211; tradi\u010dn\u00ed projektov\u00fd den pro rodi\u010de, d\u011bti i p\u0159\u00e1tele \u0161koly\r\n\r\n<strong>16\/ <a href=\"https:\/\/ctyrlistek-pardubice.eu\/wp-content\/themes\/ms-ctyrlistek\/imageprotector.php?filename=sites\/3\/2025\/02\/Tyden-detske-radosti-aneb-Po-stopach-indianu-nastenka.pdf\">&#8222;T\u00fdden d\u011btsk\u00e9 radosti&#8220;<\/a><\/strong> &#8211; tradi\u010dn\u00ed projektov\u00fd t\u00fdden pro d\u011bti a p\u0159\u00e1tele \u0161koly\r\n<h2>T\u0159\u00eddn\u00ed projekty realizovan\u00e9 ve \u0161koln\u00edm roce 2025\/2026<\/h2>\r\n<ul>\r\n \t<li>&#8222;Cesta ke ctnostem&#8220;<\/li>\r\n \t<li>&#8222;Sv\u011bt nekon\u010d\u00ed za vr\u00e1tky, cvi\u010d\u00edme se zv\u00ed\u0159\u00e1tky&#8220;<\/li>\r\n \t<li>&#8222;Bezva hran\u00ed s kamar\u00e1dy&#8220;<\/li>\r\n \t<li>&#8222;Jak na chu\u0165 ke zdrav\u00e9mu j\u00eddlu&#8220;<\/li>\r\n \t<li>&#8222;Kniha je m\u016fj kamar\u00e1d&#8220;<\/li>\r\n \t<li>&#8222;Zahradn\u00ed slavnost&#8220;<\/li>\r\n \t<li>&#8222;Udr\u017e se&#8220;<\/li>\r\n \t<li>&#8222;T\u00fdden d\u011btsk\u00e9 radosti&#8220;<\/li>\r\n<\/ul>\r\n(Rozbal zde:\u2193)\r\n<h3><a href=\"https:\/\/ctyrlistek-pardubice.eu\/wp-content\/themes\/ms-ctyrlistek\/imageprotector.php?filename=sites\/3\/2024\/09\/PRAVIDLA-TRIDENI-ODPADU.pdf\">T\u0159\u00edd\u00edme, sb\u00edr\u00e1me..<\/a><\/h3>\r\n<span style=\"color: #008000\"><strong>Spole\u010dnost Odpady a.s. poskytly M\u0160 \u010cty\u0159l\u00edstek v roce 2025 dar ve v\u00fd\u0161i 9 500,- K\u010d za \u00fa\u010delem financov\u00e1n\u00ed \u0161kolstv\u00ed a vzd\u011bl\u00e1n\u00ed, na podporu a ochranu ml\u00e1de\u017ee.\u00a0<\/strong><\/span>\r\n<h3><span style=\"color: #0000ff\"><a style=\"color: #0000ff\" href=\"https:\/\/ctyrlistek-pardubice.eu\/wp-content\/themes\/ms-ctyrlistek\/imageprotector.php?filename=sites\/3\/2025\/09\/Projekt-Sablony-pro-MS-a-ZS-II.pdf\">Projekt \u0160ablony pro M\u0160 a Z\u0160 II.<\/a><\/span><\/h3>\r\nC\u00edlem Opera\u010dn\u00edho programu Jan Amos Komensk\u00fd je podpora rozvoje otev\u0159en\u00e9 a vzd\u011blan\u00e9 spole\u010dnosti zalo\u017een\u00e9 na znalostech a dovednostech, rovn\u00fdch p\u0159\u00edle\u017eitostech a rozv\u00edjej\u00edc\u00ed potenci\u00e1l ka\u017ed\u00e9ho jednotlivce, kter\u00e1 povede k r\u016fstu konkurenceschopnosti \u010cesk\u00e9 republiky a zlep\u0161en\u00ed \u017eivotn\u00edch podm\u00ednek jej\u00edch obyvatel.\r\n\r\n&nbsp;\r\n\r\n<!-- \/wp:post-content -->","protected":false},"excerpt":{"rendered":"<p>Seznam v\u0161ech projekt\u016f na\u0161\u00ed mate\u0159sk\u00e9 \u0161koly Celoro\u010dn\u00ed projekty:\u00a0 1\/,,Sv\u011bt nekon\u010d\u00ed za vr\u00e1tky, cvi\u010d\u00edme se zv\u00ed\u0159\u00e1tky\u201c \u2013 celoro\u010dn\u00ed projekt M\u0160 \u010cty\u0159l\u00edstek Pardubice &#8211; Nemo\u0161ice zam\u011b\u0159en\u00fd na sportovn\u00ed v\u0161estrannost. Projekt vypracovala a organizuje \u010cesk\u00e1 obec sokolsk\u00e1 pod z\u00e1\u0161titou M\u0160MT. Zapojeny jsou v\u0161echny d\u011bti od 3 do 6 let. 2\/ &#8222;Bezva hran\u00ed s kamar\u00e1dy&#8220; &#8211; celoro\u010dn\u00ed projekt zam\u011b\u0159en\u00fd [&hellip;]<\/p>\n","protected":false},"author":1,"featured_media":0,"parent":11,"menu_order":0,"comment_status":"closed","ping_status":"closed","template":"","meta":{"_acf_changed":false,"footnotes":""},"class_list":["post-12224","page","type-page","status-publish","hentry"],"acf":[],"_links":{"self":[{"href":"https:\/\/ctyrlistek-pardubice.eu\/nemosice\/wp-json\/wp\/v2\/pages\/12224","targetHints":{"allow":["GET"]}}],"collection":[{"href":"https:\/\/ctyrlistek-pardubice.eu\/nemosice\/wp-json\/wp\/v2\/pages"}],"about":[{"href":"https:\/\/ctyrlistek-pardubice.eu\/nemosice\/wp-json\/wp\/v2\/types\/page"}],"author":[{"embeddable":true,"href":"https:\/\/ctyrlistek-pardubice.eu\/nemosice\/wp-json\/wp\/v2\/users\/1"}],"replies":[{"embeddable":true,"href":"https:\/\/ctyrlistek-pardubice.eu\/nemosice\/wp-json\/wp\/v2\/comments?post=12224"}],"version-history":[{"count":89,"href":"https:\/\/ctyrlistek-pardubice.eu\/nemosice\/wp-json\/wp\/v2\/pages\/12224\/revisions"}],"predecessor-version":[{"id":18687,"href":"https:\/\/ctyrlistek-pardubice.eu\/nemosice\/wp-json\/wp\/v2\/pages\/12224\/revisions\/18687"}],"up":[{"embeddable":true,"href":"https:\/\/ctyrlistek-pardubice.eu\/nemosice\/wp-json\/wp\/v2\/pages\/11"}],"wp:attachment":[{"href":"https:\/\/ctyrlistek-pardubice.eu\/nemosice\/wp-json\/wp\/v2\/media?parent=12224"}],"curies":[{"name":"wp","href":"https:\/\/api.w.org\/{rel}","templated":true}]}}