{"id":14,"date":"2016-12-12T22:28:34","date_gmt":"2016-12-12T21:28:34","guid":{"rendered":"http:\/\/ctyrlistek-pardubice.eu\/nemosice\/?page_id=14"},"modified":"2024-02-25T20:25:10","modified_gmt":"2024-02-25T19:25:10","slug":"budova","status":"publish","type":"page","link":"https:\/\/ctyrlistek-pardubice.eu\/nemosice\/budova\/","title":{"rendered":"Budova"},"content":{"rendered":"<p><a href=\"https:\/\/prohlidka.ctyrlistek-pardubice.eu\/nemosice\/index.html\" target=\"_blank\" rel=\"noopener\">Virtu\u00e1ln\u00ed prohl\u00eddka<\/a><\/p>\n<p>Budova odlou\u010den\u00e9ho pracovi\u0161t\u011b Nemo\u0161ice je p\u0159\u00edzemn\u00ed a je situov\u00e1na pod\u00e9l silnice.<\/p>\n<p>Zahrada a terasa \u00a0jsou na ji\u017en\u00ed stran\u011b za budovou M\u0160. Jej\u00ed klidn\u00e9 prost\u0159ed\u00ed je vhodn\u00e9 pro voln\u00fd pohyb d\u011bt\u00ed.<\/p>\n<p>Zahrada je vybavena skluzavkovou v\u011b\u017e\u00ed, d\u0159ev\u011bn\u00fdm vl\u00e1\u010dkem, dome\u010dkem a dal\u0161\u00edmi bezpe\u010dnostn\u00edmi hern\u00edmi prvky &#8211; lv\u00ed\u010dkem, hro\u0161\u00edkem, medv\u011bdem, autem, kresl\u00edc\u00ed tabul\u00ed, houpadly a p\u00edskovi\u0161t\u011bm. \u010c\u00e1st zahrady je ponech\u00e1na k voln\u00e9mu pohybu d\u011bt\u00ed.<\/p>\n<p>&nbsp;<\/p>\n","protected":false},"excerpt":{"rendered":"<p>Virtu\u00e1ln\u00ed prohl\u00eddka Budova odlou\u010den\u00e9ho pracovi\u0161t\u011b Nemo\u0161ice je p\u0159\u00edzemn\u00ed a je situov\u00e1na pod\u00e9l silnice. Zahrada a terasa \u00a0jsou na ji\u017en\u00ed stran\u011b za budovou M\u0160. Jej\u00ed klidn\u00e9 prost\u0159ed\u00ed je vhodn\u00e9 pro voln\u00fd pohyb d\u011bt\u00ed. Zahrada je vybavena skluzavkovou v\u011b\u017e\u00ed, d\u0159ev\u011bn\u00fdm vl\u00e1\u010dkem, dome\u010dkem a dal\u0161\u00edmi bezpe\u010dnostn\u00edmi hern\u00edmi prvky &#8211; lv\u00ed\u010dkem, hro\u0161\u00edkem, medv\u011bdem, autem, kresl\u00edc\u00ed tabul\u00ed, houpadly a p\u00edskovi\u0161t\u011bm. [&hellip;]<\/p>\n","protected":false},"author":1,"featured_media":0,"parent":0,"menu_order":8,"comment_status":"closed","ping_status":"closed","template":"","meta":{"_acf_changed":false,"footnotes":""},"class_list":["post-14","page","type-page","status-publish","hentry"],"acf":[],"_links":{"self":[{"href":"https:\/\/ctyrlistek-pardubice.eu\/nemosice\/wp-json\/wp\/v2\/pages\/14","targetHints":{"allow":["GET"]}}],"collection":[{"href":"https:\/\/ctyrlistek-pardubice.eu\/nemosice\/wp-json\/wp\/v2\/pages"}],"about":[{"href":"https:\/\/ctyrlistek-pardubice.eu\/nemosice\/wp-json\/wp\/v2\/types\/page"}],"author":[{"embeddable":true,"href":"https:\/\/ctyrlistek-pardubice.eu\/nemosice\/wp-json\/wp\/v2\/users\/1"}],"replies":[{"embeddable":true,"href":"https:\/\/ctyrlistek-pardubice.eu\/nemosice\/wp-json\/wp\/v2\/comments?post=14"}],"version-history":[{"count":12,"href":"https:\/\/ctyrlistek-pardubice.eu\/nemosice\/wp-json\/wp\/v2\/pages\/14\/revisions"}],"predecessor-version":[{"id":12204,"href":"https:\/\/ctyrlistek-pardubice.eu\/nemosice\/wp-json\/wp\/v2\/pages\/14\/revisions\/12204"}],"wp:attachment":[{"href":"https:\/\/ctyrlistek-pardubice.eu\/nemosice\/wp-json\/wp\/v2\/media?parent=14"}],"curies":[{"name":"wp","href":"https:\/\/api.w.org\/{rel}","templated":true}]}}