{"id":2026,"date":"2019-12-28T21:17:12","date_gmt":"2019-12-28T20:17:12","guid":{"rendered":"https:\/\/ctyrlistek-pardubice.eu\/nemosice\/?page_id=2026"},"modified":"2022-09-06T13:43:55","modified_gmt":"2022-09-06T11:43:55","slug":"gdpr-general-data-protection-regulation","status":"publish","type":"page","link":"https:\/\/ctyrlistek-pardubice.eu\/nemosice\/gdpr-general-data-protection-regulation\/","title":{"rendered":"GDPR &#8211; General Data Protection Regulation"},"content":{"rendered":"\n<p>Obecn\u00e9 na\u0159\u00edzen\u00ed o ochran\u011b osobn\u00edch \u00fadaj\u016f, cel\u00fdm n\u00e1zvem na\u0159\u00edzen\u00ed Evropsk\u00e9ho parlamentu a Rady EU 2016\/679 ze dne 27. dubna 2016 o ochran\u011b fyzick\u00fdch osob v souvislosti se zpracov\u00e1n\u00edm osobn\u00edch \u00fadaj\u016f.<\/p>\n\n\n\n<p>Hlavn\u00edm smyslem uveden\u00e9ho p\u0159edpisu je vy\u0161\u0161\u00ed harmonizace \u00fapravy ochrany osobn\u00edch \u00fadaj\u016f a pos\u00edlen\u00ed pr\u00e1v subjekt\u016f \u00fadaj\u016f, a tedy i kvalitn\u011bj\u0161\u00ed kontrola nakl\u00e1d\u00e1n\u00ed s osobn\u00edmi daty<\/p>\n\n\n\n<p>V&nbsp;souladu s&nbsp;t\u00edmto principem pracuje \u0161kola podle nov\u011b nastaven\u00fdch pravidel ochrany osobn\u00edch \u00fadaj\u016f v&nbsp;listinn\u00e9 i elektronick\u00e9 podob\u011b.<\/p>\n\n\n\n<p><strong>Co je osobn\u00ed \u00fadaj?<\/strong><\/p>\n\n\n\n<p>ve\u0161ker\u00e9 informace o identifikovan\u00e9 nebo identifikovateln\u00e9 fyzick\u00e9 osob\u011b (d\u00e1le jen \u201esubjekt \u00fadaj\u016f\u201c); identifikovatelnou fyzickou osobou je fyzick\u00e1 osoba, kterou lze p\u0159\u00edmo \u010di nep\u0159\u00edmo identifikovat, zejm\u00e9na odkazem na ur\u010dit\u00fd identifik\u00e1tor, nap\u0159\u00edklad jm\u00e9no, identifika\u010dn\u00ed \u010d\u00edslo, loka\u010dn\u00ed \u00fadaje, s\u00ed\u0165ov\u00fd identifik\u00e1tor nebo na jeden \u010di v\u00edce zvl\u00e1\u0161tn\u00edch prvk\u016f fyzick\u00e9, fyziologick\u00e9, genetick\u00e9, psychick\u00e9, ekonomick\u00e9, kulturn\u00ed nebo spole\u010densk\u00e9 identity t\u00e9to fyzick\u00e9 osoby<\/p>\n\n\n\n<p>Mate\u0159sk\u00e1 \u0161kola \u010cty\u0159l\u00edstek <strong>zast\u00e1v\u00e1 roli spr\u00e1vce osobn\u00edch \u00fadaj\u016f<\/strong><\/p>\n\n\n\n<p><strong>Kontaktn\u00ed \u00fadaje spr\u00e1vce:&nbsp;&nbsp;&nbsp;&nbsp;&nbsp;&nbsp;&nbsp;&nbsp;&nbsp; <\/strong>Mate\u0159sk\u00e1 \u0161kola \u010cty\u0159l\u00edstek Pardubice<\/p>\n\n\n\n<p>doru\u010dovac\u00ed adresa:&nbsp;&nbsp;&nbsp;&nbsp;&nbsp;&nbsp;&nbsp;&nbsp;&nbsp; &nbsp;&nbsp;&nbsp;&nbsp;&nbsp;&nbsp;&nbsp;&nbsp;&nbsp;&nbsp;&nbsp;&nbsp; Mate\u0159sk\u00e1 \u0161kola Pardubice, N\u00e1rodn\u00edch hrdin\u016f 8<\/p>\n\n\n\n<p>adresa datov\u00e9 schr\u00e1nky:&nbsp;&nbsp;&nbsp;&nbsp;&nbsp;&nbsp;&nbsp;&nbsp;&nbsp;&nbsp;&nbsp; 2uukqdj<\/p>\n\n\n\n<p>telefon:&nbsp;&nbsp;&nbsp;&nbsp;&nbsp;&nbsp;&nbsp;&nbsp;&nbsp;&nbsp;&nbsp;&nbsp;&nbsp;&nbsp;&nbsp;&nbsp;&nbsp;&nbsp;&nbsp;&nbsp;&nbsp;&nbsp;&nbsp;&nbsp;&nbsp;&nbsp;&nbsp;&nbsp;&nbsp;&nbsp;&nbsp;&nbsp;&nbsp;&nbsp;&nbsp;&nbsp;&nbsp;&nbsp;&nbsp;&nbsp;&nbsp;&nbsp;&nbsp; +420&nbsp;466&nbsp;650 111<\/p>\n\n\n\n<p><strong>Jako spr\u00e1vce osobn\u00edch \u00fadaj\u016f zpracov\u00e1v\u00e1 \u00fadaje <\/strong><strong>\u017e\u00e1k\u016f p\u0159edev\u0161\u00edm <\/strong><strong>v n\u00ed\u017ee uveden\u00fdch p\u0159\u00edpadech:<\/strong><\/p>\n\n\n\n<ul class=\"wp-block-list\"><li>p\u0159ijet\u00ed k&nbsp;p\u0159ed\u0161koln\u00edmu vzd\u011bl\u00e1v\u00e1n\u00ed,<\/li><li>rozhodnut\u00ed ve&nbsp;spr\u00e1vn\u00edm \u0159\u00edzen\u00ed \u2013 p\u0159estup z&nbsp;jin\u00e9 mate\u0159sk\u00e9 \u0161koly, povolen\u00ed a ukon\u010den\u00ed individu\u00e1ln\u00edho vzd\u011bl\u00e1v\u00e1n\u00ed \u017e\u00e1ka<\/li><li>povinn\u00e9 dokumentace \u0161koly (\u0161koln\u00ed matrika, dokumentace \u017e\u00e1k\u016f se&nbsp;speci\u00e1ln\u00edmi vzd\u011bl\u00e1vac\u00edmi pot\u0159ebami, evidence \u00faraz\u016f \u017e\u00e1k\u016f),<\/li><li>poskytov\u00e1n\u00ed poradensk\u00fdch slu\u017eeb pracovn\u00edky \u0161koln\u00edho poradensk\u00e9ho pracovi\u0161t\u011b (metodik prevence, v\u00fdchovn\u00fd poradce),<\/li><li>podklad\u016f k&nbsp;vy\u00fa\u010dtov\u00e1n\u00ed (vstupn\u00e9ho d\u011bt\u00ed, p\u0159ihl\u00e1\u0161ky do&nbsp;sout\u011b\u017e\u00ed, projektov\u00e1 dokumentace),<\/li><li>zaji\u0161t\u011bn\u00ed zdrav\u00ed a&nbsp;bezpe\u010dnosti (l\u00e9ka\u0159sk\u00e9 povolen\u00ed k&nbsp;\u00fa\u010dasti na&nbsp;akci, plaveck\u00e9m nebo ly\u017ea\u0159sk\u00e9m v\u00fdcviku, prohl\u00e1\u0161en\u00ed o&nbsp; bezinfek\u010dnosti),<\/li><li>ud\u011blen\u00ed souhlasu z\u00e1konn\u00fdmi z\u00e1stupci (k \u00fa\u010dasti na&nbsp;\u0161koln\u00ed akci nebo v\u00fdletu, ke&nbsp;zve\u0159ejn\u011bn\u00ed jm\u00e9na v&nbsp;r\u00e1mci prezentace akce na&nbsp;webov\u00fdch str\u00e1nk\u00e1ch, v&nbsp;tisku apod., k&nbsp;po\u0159izov\u00e1n\u00ed fotografi\u00ed z&nbsp;akc\u00ed nebo v\u00fdlet\u016f),<\/li><li>pod\u00e1n\u00ed \u017e\u00e1dosti z\u00e1konn\u00fdmi z\u00e1stupci (k uvoln\u011bn\u00ed z&nbsp;mate\u0159sk\u00e9 \u0161koly)<\/li><li>zaji\u0161t\u011bn\u00ed \u0161koln\u00edho stravov\u00e1n\u00ed (evidence str\u00e1vn\u00edk\u016f),<\/li><li>prezentace a&nbsp;propagace \u0161koly (webov\u00e9 str\u00e1nky, prezentace d\u011btsk\u00fdch prac\u00ed, fotogalerie \u0161koly, kronika, propaga\u010dn\u00ed materi\u00e1ly \u0161koly).<\/li><\/ul>\n\n\n\n<h4 class=\"wp-block-heading\"><strong>Pr\u00e1vn\u00ed d\u016fvody \u0161koly pro zpracov\u00e1n\u00ed osobn\u00edch \u00fadaj\u016f?<\/strong><\/h4>\n\n\n\n<p>Existuj\u00ed tyto d\u016fvody:<\/p>\n\n\n\n<ul class=\"wp-block-list\"><li>Pln\u011bn\u00ed smlouvy (nap\u0159. pl\u00e1n pedagogick\u00e9 podpory)<\/li><li>Pln\u011bn\u00ed pr\u00e1vn\u00ed povinnosti (nap\u0159. \u0161koln\u00ed matrika)<\/li><li>Spln\u011bn\u00ed \u00fakolu prov\u00e1d\u011bn\u00e9ho ve ve\u0159ejn\u00e9m z\u00e1jmu (nap\u0159. kontaktn\u00ed \u00fadaje rodi\u010d\u016f)<\/li><li>Opr\u00e1vn\u011bn\u00fd z\u00e1jem spr\u00e1vce \u010di t\u0159et\u00ed strany (nap\u0159. kamerov\u00fd syst\u00e9m)<\/li><li>Ochrana \u017eivotn\u011b d\u016fle\u017eit\u00fdch z\u00e1jm\u016f (v\u00e1\u017en\u00fd \u00faraz d\u00edt\u011bte)<\/li><li>Souhlas subjektu \u00fadaj\u016f pro jeden \u010di v\u00edce konkr\u00e9tn\u00edch \u00fa\u010del\u016f<\/li><\/ul>\n\n\n\n<p>Na \u0161kolu je mo\u017en\u00e9 se k uplatn\u011bn\u00ed pr\u00e1v v oblasti osobn\u00edch \u00fadaj\u016f obracet prost\u0159ednictv\u00edm<\/p>\n\n\n\n<ul class=\"wp-block-list\"><li>zpr\u00e1vy na doru\u010dovac\u00ed adresu spr\u00e1vce,<\/li><li>datovou zpr\u00e1vou do datov\u00e9 schr\u00e1nky spr\u00e1vce,<\/li><li>osobn\u011b spr\u00e1vci na jeho doru\u010dovac\u00ed adrese v&nbsp;provozn\u00ed dob\u011b: 8.00 \u2013 16.00 hodin v&nbsp;pracovn\u00ed den<\/li><li>e-mailem na info@ctyrlistek-pardubice.eu<\/li><\/ul>\n\n\n\n<p>V\u00fd\u0161e uveden\u00fdmi zp\u016fsoby je mo\u017en\u00e9 se v relevantn\u00edch p\u0159\u00edpadech na \u0161kolu obracet za \u00fa\u010delem uplatn\u011bn\u00ed pr\u00e1va na p\u0159\u00edstup k osobn\u00edm \u00fadaj\u016fm, jejich opravu nebo v\u00fdmaz, pop\u0159\u00edpad\u011b omezen\u00ed zpracov\u00e1n\u00ed, vzn\u00e9st n\u00e1mitku proti zpracov\u00e1n\u00ed, jako\u017e i p\u0159i uplatn\u011bn\u00ed pr\u00e1va na p\u0159enositelnost \u00fadaj\u016f a dal\u0161\u00edch pr\u00e1v podle obecn\u00e9ho na\u0159\u00edzen\u00ed o ochran\u011b osobn\u00edch \u00fadaj\u016f.<\/p>\n\n\n\n<p>V\u00fd\u0161e uveden\u00fdmi zp\u016fsoby se mohou subjekty \u00fadaj\u016f na \u0161kolu obracet v p\u0159\u00edpad\u011b \u00fadaj\u016f zpracov\u00e1van\u00fdch na z\u00e1klad\u011b souhlasu rovn\u011b\u017e za \u00fa\u010delem odvol\u00e1n\u00ed souhlasu se zpracov\u00e1n\u00edm osobn\u00edch \u00fadaj\u016f.<\/p>\n\n\n\n<p><strong>Kdo je pov\u011b\u0159encem?<\/strong><\/p>\n\n\n\n<p>Mate\u0159sk\u00e1 \u0161kola \u010cty\u0159l\u00edstek Pardubice jmenovala pov\u011b\u0159encem pro ochranu osobn\u00edch \u00fadaj\u016f:<\/p>\n\n\n\n<p><strong>Kontaktn\u00ed \u00fadaje pov\u011b\u0159ence <\/strong><\/p>\n\n\n\n<p>titul, jm\u00e9no, p\u0159\u00edjmen\u00ed: &nbsp;&nbsp; Ing. Marek Jakubsk\u00fd<\/p>\n\n\n\n<p>e-mailov\u00e1 adresa:\u00a0\u00a0\u00a0\u00a0\u00a0\u00a0\u00a0\u00a0\u00a0\u00a0 <a rel=\"noreferrer noopener\" href=\"mailto:marek.jakubsky@edugrant.eu\" target=\"_blank\">marek.jakubsky@edugrant.eu<\/a><\/p>\n\n\n\n<p>telefon:&nbsp;&nbsp;&nbsp;&nbsp;&nbsp;&nbsp;&nbsp;&nbsp;&nbsp;&nbsp;&nbsp;&nbsp;&nbsp;&nbsp;&nbsp;&nbsp;&nbsp;&nbsp;&nbsp;&nbsp;&nbsp;&nbsp;&nbsp;&nbsp;&nbsp;&nbsp;&nbsp;&nbsp;&nbsp;&nbsp;602&nbsp;788 776<\/p>\n\n\n\n<p><strong>Co poskytuje?<\/strong><\/p>\n\n\n\n<ul class=\"wp-block-list\"><li>informace a poradenstv\u00ed spr\u00e1vci \u010di zpracovateli, v\u010detn\u011b zam\u011bstnanc\u016f, kte\u0159\u00ed se na zpracov\u00e1n\u00ed pod\u00edlej\u00ed<\/li><li>Monitoruje soulad zpracov\u00e1n\u00ed osobn\u00edch \u00fadaj\u016f s&nbsp;GDPR<\/li><li>Spolupracuje na tvorb\u011b Posouzen\u00ed vlivu na ochranu osobn\u00edch \u00fadaj\u016f<\/li><li>Spolupracuje s dozorov\u00fdch \u00fa\u0159adem (\u00daOO\u00da)<\/li><li>P\u016fsob\u00ed jako kontaktn\u00ed m\u00edsto pro dozorov\u00fd \u00fa\u0159ad<\/li><li>Obrac\u00ed se na n\u011bj subjekty \u00fadaj\u016f, z\u00e1konn\u00fd z\u00e1stupce subjekt\u016f \u00fadaje (d\u00edt\u011bte)<\/li><li>Je v\u00e1z\u00e1n ml\u010denlivost\u00ed a d\u016fv\u011brnost\u00ed<\/li><\/ul>\n\n\n\n<p>V Pardubic\u00edch, 24. 5. 2018<\/p>\n\n\n\n<p>Mgr. \u017daneta Vondrou\u0161ov\u00e1, DiS.<\/p>\n","protected":false},"excerpt":{"rendered":"<p>Obecn\u00e9 na\u0159\u00edzen\u00ed o ochran\u011b osobn\u00edch \u00fadaj\u016f, cel\u00fdm n\u00e1zvem na\u0159\u00edzen\u00ed Evropsk\u00e9ho parlamentu a Rady EU 2016\/679 ze dne 27. dubna 2016 o ochran\u011b fyzick\u00fdch osob v souvislosti se zpracov\u00e1n\u00edm osobn\u00edch \u00fadaj\u016f. Hlavn\u00edm smyslem uveden\u00e9ho p\u0159edpisu je vy\u0161\u0161\u00ed harmonizace \u00fapravy ochrany osobn\u00edch \u00fadaj\u016f a pos\u00edlen\u00ed pr\u00e1v subjekt\u016f \u00fadaj\u016f, a tedy i kvalitn\u011bj\u0161\u00ed kontrola nakl\u00e1d\u00e1n\u00ed s osobn\u00edmi daty [&hellip;]<\/p>\n","protected":false},"author":1,"featured_media":0,"parent":0,"menu_order":0,"comment_status":"closed","ping_status":"closed","template":"","meta":{"_acf_changed":false,"footnotes":""},"class_list":["post-2026","page","type-page","status-publish","hentry"],"acf":[],"_links":{"self":[{"href":"https:\/\/ctyrlistek-pardubice.eu\/nemosice\/wp-json\/wp\/v2\/pages\/2026","targetHints":{"allow":["GET"]}}],"collection":[{"href":"https:\/\/ctyrlistek-pardubice.eu\/nemosice\/wp-json\/wp\/v2\/pages"}],"about":[{"href":"https:\/\/ctyrlistek-pardubice.eu\/nemosice\/wp-json\/wp\/v2\/types\/page"}],"author":[{"embeddable":true,"href":"https:\/\/ctyrlistek-pardubice.eu\/nemosice\/wp-json\/wp\/v2\/users\/1"}],"replies":[{"embeddable":true,"href":"https:\/\/ctyrlistek-pardubice.eu\/nemosice\/wp-json\/wp\/v2\/comments?post=2026"}],"version-history":[{"count":2,"href":"https:\/\/ctyrlistek-pardubice.eu\/nemosice\/wp-json\/wp\/v2\/pages\/2026\/revisions"}],"predecessor-version":[{"id":6362,"href":"https:\/\/ctyrlistek-pardubice.eu\/nemosice\/wp-json\/wp\/v2\/pages\/2026\/revisions\/6362"}],"wp:attachment":[{"href":"https:\/\/ctyrlistek-pardubice.eu\/nemosice\/wp-json\/wp\/v2\/media?parent=2026"}],"curies":[{"name":"wp","href":"https:\/\/api.w.org\/{rel}","templated":true}]}}