{"id":2165,"date":"2020-04-02T10:11:22","date_gmt":"2020-04-02T08:11:22","guid":{"rendered":"https:\/\/ctyrlistek-pardubice.eu\/nemosice\/?page_id=2165"},"modified":"2024-02-27T16:38:49","modified_gmt":"2024-02-27T15:38:49","slug":"predskolni-gramotnosti","status":"publish","type":"page","link":"https:\/\/ctyrlistek-pardubice.eu\/nemosice\/organizace\/predskolni-gramotnosti\/","title":{"rendered":"P\u0159ed\u0161koln\u00ed gramotnosti"},"content":{"rendered":"\r\n<div class=\"wp-block-group\"><div class=\"wp-block-group__inner-container is-layout-flow wp-block-group-is-layout-flow\">\r\n<p>Kliknut\u00edm si otev\u0159ete prezentaci o dan\u00e9m t\u00e9matu:<\/p>\r\n<\/div><\/div>\r\n\r\n\r\n<div class=\"wp-block-image\">\r\n<figure class=\"alignleft size-large\"><a href=\"https:\/\/ctyrlistek-pardubice.eu\/nemosice\/wp-content\/uploads\/sites\/3\/2020\/04\/Co-potr%CC%8Cebuji%CC%81-zna%CC%81t-de%CC%8Cti-pr%CC%8Ced-vstupem-do-MS%CC%8C.pdf\" target=\"_blank\" rel=\"noopener noreferrer\"><img decoding=\"async\" width=\"720\" height=\"539\" class=\"wp-image-2167 lazyload\" data-src=\"https:\/\/ctyrlistek-pardubice.eu\/nemosice\/wp-content\/uploads\/sites\/3\/2020\/04\/co-musi-znat-pred-vstupem-do-ms.png\" alt=\"\" data-srcset=\"https:\/\/ctyrlistek-pardubice.eu\/nemosice\/wp-content\/uploads\/sites\/3\/2020\/04\/co-musi-znat-pred-vstupem-do-ms.png 720w, https:\/\/ctyrlistek-pardubice.eu\/nemosice\/wp-content\/uploads\/sites\/3\/2020\/04\/co-musi-znat-pred-vstupem-do-ms-300x225.png 300w\" data-sizes=\"(max-width: 720px) 100vw, 720px\" src=\"data:image\/svg+xml;base64,PHN2ZyB3aWR0aD0iMSIgaGVpZ2h0PSIxIiB4bWxucz0iaHR0cDovL3d3dy53My5vcmcvMjAwMC9zdmciPjwvc3ZnPg==\" style=\"--smush-placeholder-width: 720px; --smush-placeholder-aspect-ratio: 720\/539;\" \/><\/a><\/figure>\r\n<\/div>\r\n\r\n<div class=\"wp-block-image\">\r\n<figure class=\"alignleft size-large\"><a href=\"https:\/\/ctyrlistek-pardubice.eu\/nemosice\/wp-content\/uploads\/sites\/3\/2020\/04\/Matematicke%CC%81-dovednosti.pdf\" target=\"_blank\" rel=\"noopener noreferrer\"><img decoding=\"async\" width=\"720\" height=\"539\" class=\"wp-image-2173 lazyload\" data-src=\"https:\/\/ctyrlistek-pardubice.eu\/nemosice\/wp-content\/uploads\/sites\/3\/2020\/04\/matematicke-dovednosti.png\" alt=\"\" data-srcset=\"https:\/\/ctyrlistek-pardubice.eu\/nemosice\/wp-content\/uploads\/sites\/3\/2020\/04\/matematicke-dovednosti.png 720w, https:\/\/ctyrlistek-pardubice.eu\/nemosice\/wp-content\/uploads\/sites\/3\/2020\/04\/matematicke-dovednosti-300x225.png 300w\" data-sizes=\"(max-width: 720px) 100vw, 720px\" src=\"data:image\/svg+xml;base64,PHN2ZyB3aWR0aD0iMSIgaGVpZ2h0PSIxIiB4bWxucz0iaHR0cDovL3d3dy53My5vcmcvMjAwMC9zdmciPjwvc3ZnPg==\" style=\"--smush-placeholder-width: 720px; --smush-placeholder-aspect-ratio: 720\/539;\" \/><\/a><\/figure>\r\n<\/div>\r\n\r\n<div class=\"wp-block-image\">\r\n<figure class=\"alignleft size-large\"><a href=\"https:\/\/ctyrlistek-pardubice.eu\/nemosice\/wp-content\/uploads\/sites\/3\/2020\/04\/C%CC%8Ctena%CC%81r%CC%8Cska%CC%81-gramotnost.pdf\" target=\"_blank\" rel=\"noopener noreferrer\"><img decoding=\"async\" width=\"720\" height=\"406\" class=\"wp-image-2169 lazyload\" data-src=\"https:\/\/ctyrlistek-pardubice.eu\/nemosice\/wp-content\/uploads\/sites\/3\/2020\/04\/ctenarska-gramotnost.png\" alt=\"\" data-srcset=\"https:\/\/ctyrlistek-pardubice.eu\/nemosice\/wp-content\/uploads\/sites\/3\/2020\/04\/ctenarska-gramotnost.png 720w, https:\/\/ctyrlistek-pardubice.eu\/nemosice\/wp-content\/uploads\/sites\/3\/2020\/04\/ctenarska-gramotnost-300x169.png 300w\" data-sizes=\"(max-width: 720px) 100vw, 720px\" src=\"data:image\/svg+xml;base64,PHN2ZyB3aWR0aD0iMSIgaGVpZ2h0PSIxIiB4bWxucz0iaHR0cDovL3d3dy53My5vcmcvMjAwMC9zdmciPjwvc3ZnPg==\" style=\"--smush-placeholder-width: 720px; --smush-placeholder-aspect-ratio: 720\/406;\" \/><\/a><\/figure>\r\n<\/div>\r\n\r\n<div class=\"wp-block-image\">\r\n<figure class=\"alignleft size-large\"><a href=\"https:\/\/ctyrlistek-pardubice.eu\/nemosice\/wp-content\/uploads\/sites\/3\/2020\/04\/Ekologicka%CC%81-vy%CC%81chova.pdf\" target=\"_blank\" rel=\"noopener noreferrer\"><img decoding=\"async\" width=\"720\" height=\"406\" class=\"wp-image-2171 lazyload\" data-src=\"https:\/\/ctyrlistek-pardubice.eu\/nemosice\/wp-content\/uploads\/sites\/3\/2020\/04\/ekologicka-vychova.png\" alt=\"\" data-srcset=\"https:\/\/ctyrlistek-pardubice.eu\/nemosice\/wp-content\/uploads\/sites\/3\/2020\/04\/ekologicka-vychova.png 720w, https:\/\/ctyrlistek-pardubice.eu\/nemosice\/wp-content\/uploads\/sites\/3\/2020\/04\/ekologicka-vychova-300x169.png 300w\" data-sizes=\"(max-width: 720px) 100vw, 720px\" src=\"data:image\/svg+xml;base64,PHN2ZyB3aWR0aD0iMSIgaGVpZ2h0PSIxIiB4bWxucz0iaHR0cDovL3d3dy53My5vcmcvMjAwMC9zdmciPjwvc3ZnPg==\" style=\"--smush-placeholder-width: 720px; --smush-placeholder-aspect-ratio: 720\/406;\" \/><\/a><\/figure>\r\n<\/div>","protected":false},"excerpt":{"rendered":"<p>Kliknut\u00edm si otev\u0159ete prezentaci o dan\u00e9m t\u00e9matu:<\/p>\n","protected":false},"author":1,"featured_media":0,"parent":11,"menu_order":0,"comment_status":"closed","ping_status":"closed","template":"","meta":{"_acf_changed":false,"footnotes":""},"class_list":["post-2165","page","type-page","status-publish","hentry"],"acf":[],"_links":{"self":[{"href":"https:\/\/ctyrlistek-pardubice.eu\/nemosice\/wp-json\/wp\/v2\/pages\/2165","targetHints":{"allow":["GET"]}}],"collection":[{"href":"https:\/\/ctyrlistek-pardubice.eu\/nemosice\/wp-json\/wp\/v2\/pages"}],"about":[{"href":"https:\/\/ctyrlistek-pardubice.eu\/nemosice\/wp-json\/wp\/v2\/types\/page"}],"author":[{"embeddable":true,"href":"https:\/\/ctyrlistek-pardubice.eu\/nemosice\/wp-json\/wp\/v2\/users\/1"}],"replies":[{"embeddable":true,"href":"https:\/\/ctyrlistek-pardubice.eu\/nemosice\/wp-json\/wp\/v2\/comments?post=2165"}],"version-history":[{"count":7,"href":"https:\/\/ctyrlistek-pardubice.eu\/nemosice\/wp-json\/wp\/v2\/pages\/2165\/revisions"}],"predecessor-version":[{"id":12223,"href":"https:\/\/ctyrlistek-pardubice.eu\/nemosice\/wp-json\/wp\/v2\/pages\/2165\/revisions\/12223"}],"up":[{"embeddable":true,"href":"https:\/\/ctyrlistek-pardubice.eu\/nemosice\/wp-json\/wp\/v2\/pages\/11"}],"wp:attachment":[{"href":"https:\/\/ctyrlistek-pardubice.eu\/nemosice\/wp-json\/wp\/v2\/media?parent=2165"}],"curies":[{"name":"wp","href":"https:\/\/api.w.org\/{rel}","templated":true}]}}