{"id":23,"date":"2016-12-12T22:29:32","date_gmt":"2016-12-12T21:29:32","guid":{"rendered":"http:\/\/ctyrlistek-pardubice.eu\/nemosice\/?page_id=23"},"modified":"2024-10-06T17:52:06","modified_gmt":"2024-10-06T15:52:06","slug":"kontakty","status":"publish","type":"page","link":"https:\/\/ctyrlistek-pardubice.eu\/nemosice\/kontakty\/","title":{"rendered":"Kontakty"},"content":{"rendered":"<h2>Mate\u0159sk\u00e1 \u0161kola \u010cty\u0159l\u00edstek Pardubice<\/h2>\n<p><strong>Odlou\u010den\u00e9 pracovi\u0161t\u011b Nemo\u0161ice<\/strong><\/p>\n<p>5. kv\u011btna 64, Nemo\u0161ice<br \/>\n530 03 Pardubice<\/p>\n<p>I\u010cO: 750 18 144<\/p>\n<p>E-mail.: nemosice@ctyrlistek-pardubice.eu<\/p>\n<p>web: ctyrlistek-pardubice.eu<\/p>\n<p>telefonn\u00ed kontakt na t\u0159\u00eddu: 466 304 730, \u00a0734 787 720<\/p>\n<p>\u0161koln\u00ed j\u00eddelna (omlouv\u00e1n\u00ed d\u011bt\u00ed ze stravy): 466 654 500, pouze SMS: 773 551 250<\/p>\n<h2>\u00da\u0159edn\u00ed\/konzulta\u010dn\u00ed hodiny \u0159editelky M\u0160:<\/h2>\n<p>Ka\u017ed\u00fd p\u00e1tek od 9:00 do 11:00 hod. v M\u0160 N\u00e1rodn\u00edch hrdin\u016f 8. \u0158editelka M\u0160 je z\u00e1rove\u0148 vedouc\u00ed u\u010ditelkou na odlou\u010den\u00e9m pracovi\u0161ti, proto pros\u00edm, pro p\u0159\u00edpadnou konzultaci vyu\u017eijte nejprve e-mail:\u00a0info@ctyrlistek-pardubice.eu.<\/p>\n","protected":false},"excerpt":{"rendered":"<p>Mate\u0159sk\u00e1 \u0161kola \u010cty\u0159l\u00edstek Pardubice Odlou\u010den\u00e9 pracovi\u0161t\u011b Nemo\u0161ice 5. kv\u011btna 64, Nemo\u0161ice 530 03 Pardubice I\u010cO: 750 18 144 E-mail.: nemosice@ctyrlistek-pardubice.eu web: ctyrlistek-pardubice.eu telefonn\u00ed kontakt na t\u0159\u00eddu: 466 304 730, \u00a0734 787 720 \u0161koln\u00ed j\u00eddelna (omlouv\u00e1n\u00ed d\u011bt\u00ed ze stravy): 466 654 500, pouze SMS: 773 551 250 \u00da\u0159edn\u00ed\/konzulta\u010dn\u00ed hodiny \u0159editelky M\u0160: Ka\u017ed\u00fd p\u00e1tek od 9:00 do [&hellip;]<\/p>\n","protected":false},"author":1,"featured_media":0,"parent":0,"menu_order":14,"comment_status":"closed","ping_status":"closed","template":"","meta":{"_acf_changed":false,"footnotes":""},"class_list":["post-23","page","type-page","status-publish","hentry"],"acf":[],"_links":{"self":[{"href":"https:\/\/ctyrlistek-pardubice.eu\/nemosice\/wp-json\/wp\/v2\/pages\/23","targetHints":{"allow":["GET"]}}],"collection":[{"href":"https:\/\/ctyrlistek-pardubice.eu\/nemosice\/wp-json\/wp\/v2\/pages"}],"about":[{"href":"https:\/\/ctyrlistek-pardubice.eu\/nemosice\/wp-json\/wp\/v2\/types\/page"}],"author":[{"embeddable":true,"href":"https:\/\/ctyrlistek-pardubice.eu\/nemosice\/wp-json\/wp\/v2\/users\/1"}],"replies":[{"embeddable":true,"href":"https:\/\/ctyrlistek-pardubice.eu\/nemosice\/wp-json\/wp\/v2\/comments?post=23"}],"version-history":[{"count":17,"href":"https:\/\/ctyrlistek-pardubice.eu\/nemosice\/wp-json\/wp\/v2\/pages\/23\/revisions"}],"predecessor-version":[{"id":14527,"href":"https:\/\/ctyrlistek-pardubice.eu\/nemosice\/wp-json\/wp\/v2\/pages\/23\/revisions\/14527"}],"wp:attachment":[{"href":"https:\/\/ctyrlistek-pardubice.eu\/nemosice\/wp-json\/wp\/v2\/media?parent=23"}],"curies":[{"name":"wp","href":"https:\/\/api.w.org\/{rel}","templated":true}]}}