{"id":1043,"date":"2018-03-30T14:27:14","date_gmt":"2018-03-30T12:27:14","guid":{"rendered":"https:\/\/ctyrlistek-pardubice.eu\/pardubicky\/?page_id=1043"},"modified":"2026-02-11T17:30:12","modified_gmt":"2026-02-11T16:30:12","slug":"prijimaci-rizeni","status":"publish","type":"page","link":"https:\/\/ctyrlistek-pardubice.eu\/pardubicky\/organizace\/prijimaci-rizeni\/","title":{"rendered":"P\u0159ij\u00edmac\u00ed \u0159\u00edzen\u00ed"},"content":{"rendered":"<p>V\u00e1\u017een\u00ed rodi\u010de,<\/p>\n<p>term\u00edn pro pod\u00e1n\u00ed p\u0159ihl\u00e1\u0161ek k p\u0159ij\u00edmac\u00edmu \u0159\u00edzen\u00ed do mate\u0159sk\u00e9 \u0161koly na \u0161koln\u00ed rok <strong>2026\/2027<\/strong> je od <strong>18. 2. &#8211; 17. 3. 2026.<\/strong>\u00a0Po vygenerov\u00e1n\u00ed p\u0159ihl\u00e1\u0161ky si m\u016f\u017eete zarezervovat term\u00edn, ve kter\u00e9m se osobn\u011b bez d\u011bt\u00ed dostav\u00edte do mate\u0159sk\u00e9 \u0161koly. Vlastn\u00ed\u00a0<strong>z\u00e1pis na mate\u0159sk\u00fdch \u0161kol\u00e1ch\u00a0<\/strong>se bude konat v term\u00ednech\u00a0<strong>16.- 17.3.2026<\/strong>. Pokud V\u00e1m vypsan\u00e9 term\u00edny nevyhovuj\u00ed, kontaktujte \u0159editelku \u0161koly na e-mail info@ctyrlistek-pardubice.eu, pop\u0159\u00edpad\u011b m\u016f\u017eete pot\u0159ebn\u00e9 dokumenty zaslat na adresu \u0161koly, e-mailem s kvalifikovan\u00fdm podpisem \u010di datovou schr\u00e1nkou. D\u011bkujeme.<\/p>\n<p><strong>Syst\u00e9m pro z\u00e1pis d\u011bt\u00ed do mate\u0159sk\u00fdch \u0161kol<\/strong><\/p>\n<p>Od \u0161koln\u00edho roku 2017\/2018 prob\u00edhaj\u00ed v\u00a0pardubick\u00fdch mate\u0159sk\u00fdch \u0161kol\u00e1ch z\u00e1pisy nov\u011b pomoc\u00ed webov\u00e9 aplikace \u2013\u00a0<a href=\"https:\/\/zapisyms.pardubice.eu\/\"><strong>zapisyms.pardubice.eu<\/strong><\/a><\/p>\n<p>C\u00edlem t\u00e9to zm\u011bny je zefektivn\u011bn\u00ed cel\u00e9ho procesu p\u0159ij\u00edmac\u00edho \u0159\u00edzen\u00ed, zlep\u0161en\u00ed informovanosti rodi\u010d\u016f, sn\u00ed\u017een\u00ed administrativn\u00ed z\u00e1t\u011b\u017ee p\u0159i zpracov\u00e1n\u00ed \u0159\u00edzen\u00ed a v neposledn\u00ed \u0159ad\u011b zaji\u0161t\u011bn\u00ed transparentnosti.<\/p>\n<p>Cel\u00fd pr\u016fb\u011bh p\u0159ij\u00edmac\u00edho \u0159\u00edzen\u00ed i v\u00fdsledn\u00e9 um\u00edstn\u011bn\u00ed bude p\u0159\u00edstupn\u00e9 on-line.\u00a0Z\u00e1pis d\u011bt\u00ed do mate\u0159sk\u00fdch \u0161kol prob\u00edh\u00e1 ve t\u0159ech f\u00e1z\u00edch.<\/p>\n<p><strong>N\u00e1\u0161 2. \u0161kolsk\u00fd obvod:<\/strong><\/p>\n<p>tvo\u0159\u00ed \u00fazem\u00ed m\u011bstsk\u00e9ho obvodu Pardubice III (\u010d\u00e1st B\u00edl\u00e9ho P\u0159edm\u011bst\u00ed a Stud\u00e1nka v\u010d. s\u00eddli\u0161t\u011b Dubina), m\u011bstsk\u00e9ho obvodu Pardubice IV (Pardubi\u010dky, Nemo\u0161ice, Drozdice, Mn\u011btice, Staro\u010dernsko, \u010cern\u00e1 za Bory a \u017di\u017e\u00edn), m\u011bstsk\u00e9ho obvodu Pardubice VIII (Hostovice) a \u00fazem\u00ed v\u00fdchodn\u00ed \u010d\u00e1sti m\u011bstsk\u00e9ho obvodu Pardubice I (st\u0159ed m\u011bsta na z\u00e1pad\u011b ohrani\u010den\u00fd prav\u00fdm b\u0159ehem \u0159eky Chrudimky).<\/p>\n<p>Mate\u0159sk\u00e1 \u0161kola Kam\u00ednek Pardubice, Ke Kamenci 1601,<\/p>\n<p>Mate\u0159sk\u00e1 \u0161kola Kon\u00ed\u010dek Pardubice, Bulharsk\u00e1 119,<\/p>\n<p>Mate\u0159sk\u00e1 \u0161kola Kyti\u010dka Pardubice, Gebauerova 1691,<\/p>\n<p>Mate\u0159sk\u00e1 \u0161kola Pardubice, Posp\u00ed\u0161ilovo n\u00e1m\u011bst\u00ed 1692,<\/p>\n<p>Mate\u0159sk\u00e1 \u0161kola Pardubice, Wintrova II 579,<\/p>\n<p>Mate\u0159sk\u00e1 \u0161kola Pardubice-Dubina, Erno Ko\u0161\u0165\u00e1la 991,<\/p>\n<p>Mate\u0159sk\u00e1 \u0161kola Srd\u00ed\u010dko Pardubice, Lu\u010fka Matury 653,<\/p>\n<p>Mate\u0159sk\u00e1 \u0161kola Kor\u00e1lek Pardubice, Rumunsk\u00e1 90,<\/p>\n<p>Mate\u0159sk\u00e1 \u0161kola \u010cty\u0159l\u00edstek Pardubice, N\u00e1rodn\u00edch hrdin\u016f 8,<\/p>\n<p>Z\u00e1kladn\u00ed \u0161kola a mate\u0159sk\u00e1 \u0161kola, Pardubice-Pardubi\u010dky, Kyjevsk\u00e1 25 (mate\u0159sk\u00e1 \u0161kola na adrese Pardubice \u2013 \u010cern\u00e1 za Bory, Hostovick\u00e1 26),<\/p>\n<p>Mate\u0159sk\u00e1 \u0161kola Pardubice-Hostovice 30<\/p>\n<p><strong>P\u0159ij\u00edm\u00e1n\u00ed d\u011bt\u00ed<\/strong><\/p>\n<p>\u0158editelka mate\u0159sk\u00e9 \u0161koly se p\u0159i p\u0159ij\u00edm\u00e1n\u00ed d\u011bt\u00ed k\u00a0p\u0159ed\u0161koln\u00edmu vzd\u011bl\u00e1v\u00e1n\u00ed \u0159\u00edd\u00ed \u00a734 z\u00e1kona 561\/2004 Sb., o p\u0159ed\u0161koln\u00edm, z\u00e1kladn\u00edm, st\u0159edn\u00edm, vy\u0161\u0161\u00edm odborn\u00e9m a jin\u00e9m vzd\u011bl\u00e1v\u00e1n\u00ed (\u0161kolsk\u00fd z\u00e1kon), v\u00a0platn\u00e9m zn\u011bn\u00ed a \u00a72 odst. 4 z\u00e1kona \u010d. 500\/2004 Sb., spr\u00e1vn\u00ed \u0159\u00e1d a d\u00e1le vyhl\u00e1\u0161kou \u010d.14\/2005 Sb, v platn\u00e9m zn\u011bn\u00ed.<\/p>\n<p>D\u011bti jsou p\u0159ij\u00edm\u00e1ny p\u0159ev\u00e1\u017en\u011b na z\u00e1klad\u011b p\u00edsemn\u00e9 \u017e\u00e1dosti z\u00e1konn\u00e9ho z\u00e1stupce d\u00edt\u011bte \u2013 do v\u00fd\u0161e kapacity \u0161koly. V\u00a0\u0159\u00e1dn\u00e9m p\u0159ij\u00edmac\u00edm term\u00ednu, kter\u00fd je ka\u017edoro\u010dn\u011b ve\u0159ejn\u011b vyhl\u00e1\u0161en ve spolupr\u00e1ci s\u00a0MmP, jsou uspokojov\u00e1ny \u017e\u00e1dosti v\u00a0po\u0159ad\u00ed podle krit\u00e9ri\u00ed platn\u00fdch pro dan\u00fd \u0161koln\u00ed rok.<\/p>\n<p>V\u00fdsledky p\u0159ij\u00edmac\u00edho \u0159\u00edzen\u00ed budou z\u00e1konn\u00e9mu z\u00e1stupci d\u00edt\u011bte sd\u011bleny do 30. dne od pod\u00e1n\u00ed \u017e\u00e1dosti.<\/p>\n<p><strong>P\u0159ijet\u00ed d\u00edt\u011bte do mate\u0159sk\u00e9 \u0161koly v pr\u016fb\u011bhu \u0161koln\u00edho roku<\/strong><\/p>\n<p>V p\u0159\u00edpad\u011b, \u017ee se v pr\u016fb\u011bhu \u0161koln\u00edho roku uvoln\u00ed m\u00edsto pro d\u00edt\u011b v n\u011bkter\u00e9 ze t\u0159\u00edd, zve\u0159ej\u0148ujeme informaci na webov\u00fdch str\u00e1nk\u00e1ch a \u00fa\u0159edn\u00ed desce. \u017dadatel mus\u00ed podat p\u00edsemnou \u017e\u00e1dost, jej\u00ed formul\u00e1\u0159 za\u0161leme na po\u017e\u00e1d\u00e1n\u00ed elektronicky \u00a0nebo jej lze vyzvednout v mate\u0159sk\u00e9 \u0161kole. Spln\u00ed -li \u017e\u00e1dost v\u0161echny n\u00e1le\u017eitosti, m\u016f\u017ee b\u00fdt vyd\u00e1no rozhodnut\u00ed o p\u0159ijet\u00ed d\u00edt\u011bte.<\/p>\n<p>&nbsp;<\/p>\n<p><strong>P\u0159ij\u00edmac\u00ed \u0159\u00edzen\u00ed na pr\u00e1zdniny<\/strong> prob\u00edh\u00e1 po potvrzen\u00ed rozpisu uzav\u0159en\u00ed jednotliv\u00fdch mate\u0159sk\u00fdch \u0161kol z MmP a ur\u010den\u00ed po\u010dtu voln\u00fdch m\u00edst na pr\u00e1zdniny. Term\u00edn p\u0159\u00edjmu \u017e\u00e1dost\u00ed v na\u0161\u00ed mate\u0159sk\u00e9 \u0161kole je <strong>13. &#8211; 14. 4.<\/strong>\u00a0 od 8:00 do 16:00 hod. \u017dadatel odevzd\u00e1v\u00e1 \u017e\u00e1dost o p\u0159ijet\u00ed ve sv\u00e9 mate\u0159sk\u00e9 \u0161kole.<\/p>\n<p>\u0160koln\u00e9 a stravn\u00e9 je placeno v\u00a0den n\u00e1stupu d\u00edt\u011bte.<\/p>\n<p>Zde si st\u00e1hnete \u017e\u00e1dost o um\u00edst\u011bn\u00ed na pr\u00e1zdniny.<\/p>\n","protected":false},"excerpt":{"rendered":"<p>V\u00e1\u017een\u00ed rodi\u010de, term\u00edn pro pod\u00e1n\u00ed p\u0159ihl\u00e1\u0161ek k p\u0159ij\u00edmac\u00edmu \u0159\u00edzen\u00ed do mate\u0159sk\u00e9 \u0161koly na \u0161koln\u00ed rok 2026\/2027 je od 18. 2. &#8211; 17. 3. 2026.\u00a0Po vygenerov\u00e1n\u00ed p\u0159ihl\u00e1\u0161ky si m\u016f\u017eete zarezervovat term\u00edn, ve kter\u00e9m se osobn\u011b bez d\u011bt\u00ed dostav\u00edte do mate\u0159sk\u00e9 \u0161koly. Vlastn\u00ed\u00a0z\u00e1pis na mate\u0159sk\u00fdch \u0161kol\u00e1ch\u00a0se bude konat v term\u00ednech\u00a016.- 17.3.2026. Pokud V\u00e1m vypsan\u00e9 term\u00edny nevyhovuj\u00ed, kontaktujte [&hellip;]<\/p>\n","protected":false},"author":2,"featured_media":0,"parent":10,"menu_order":6,"comment_status":"closed","ping_status":"closed","template":"","meta":{"_acf_changed":false,"footnotes":""},"class_list":["post-1043","page","type-page","status-publish","hentry"],"acf":[],"_links":{"self":[{"href":"https:\/\/ctyrlistek-pardubice.eu\/pardubicky\/wp-json\/wp\/v2\/pages\/1043","targetHints":{"allow":["GET"]}}],"collection":[{"href":"https:\/\/ctyrlistek-pardubice.eu\/pardubicky\/wp-json\/wp\/v2\/pages"}],"about":[{"href":"https:\/\/ctyrlistek-pardubice.eu\/pardubicky\/wp-json\/wp\/v2\/types\/page"}],"author":[{"embeddable":true,"href":"https:\/\/ctyrlistek-pardubice.eu\/pardubicky\/wp-json\/wp\/v2\/users\/2"}],"replies":[{"embeddable":true,"href":"https:\/\/ctyrlistek-pardubice.eu\/pardubicky\/wp-json\/wp\/v2\/comments?post=1043"}],"version-history":[{"count":45,"href":"https:\/\/ctyrlistek-pardubice.eu\/pardubicky\/wp-json\/wp\/v2\/pages\/1043\/revisions"}],"predecessor-version":[{"id":17967,"href":"https:\/\/ctyrlistek-pardubice.eu\/pardubicky\/wp-json\/wp\/v2\/pages\/1043\/revisions\/17967"}],"up":[{"embeddable":true,"href":"https:\/\/ctyrlistek-pardubice.eu\/pardubicky\/wp-json\/wp\/v2\/pages\/10"}],"wp:attachment":[{"href":"https:\/\/ctyrlistek-pardubice.eu\/pardubicky\/wp-json\/wp\/v2\/media?parent=1043"}],"curies":[{"name":"wp","href":"https:\/\/api.w.org\/{rel}","templated":true}]}}