{"id":13,"date":"2016-12-12T22:14:16","date_gmt":"2016-12-12T21:14:16","guid":{"rendered":"http:\/\/ctyrlistek-pardubice.eu\/pardubicky\/?page_id=13"},"modified":"2024-03-11T14:08:38","modified_gmt":"2024-03-11T13:08:38","slug":"budova","status":"publish","type":"page","link":"https:\/\/ctyrlistek-pardubice.eu\/pardubicky\/budova\/","title":{"rendered":"Budova"},"content":{"rendered":"<p>V mate\u0159sk\u00e9 \u0161kole jsou 3 pavilony, prvn\u00ed hospod\u00e1\u0159sk\u00fd s kuchyn\u00ed a \u0159editelnou, druh\u00fd pavilon je ur\u010den jako v\u00fddejna ob\u011bd\u016f pro \u017e\u00e1ky Z\u00e1kladn\u00ed \u0161koly Pardubi\u010dky a ve t\u0159et\u00edm pavilonu se nach\u00e1z\u00ed dv\u011b t\u0159\u00eddy mate\u0159sk\u00e9 \u0161koly. Tento pavilon je vybaven modern\u00edm a pln\u011b funk\u010dn\u00edm za\u0159\u00edzen\u00edm. Nach\u00e1z\u00ed se zde tak\u00e9 letn\u00ed umyv\u00e1rna a WC d\u011bt\u00ed. Sou\u010dasn\u011b je tady prostor pro zahradn\u00ed hra\u010dky. V\u0161echny pavilony spojuje zast\u0159e\u0161en\u00e1 chodba, kter\u00e1 je bo\u010dn\u011b chr\u00e1n\u011bna sklen\u011bnou v\u00fdpln\u00ed.<br \/>\nKa\u017ed\u00e1 t\u0159\u00edda m\u00e1 svoji zahradu vybavenou bezpe\u010dnostn\u00edmi hrac\u00edmi prvky pro d\u011bti. Oba pavilony maj\u00ed do zahrady dl\u00e1\u017ed\u011bnou terasu se sed\u00e1tky, vlastn\u00ed p\u00edskovi\u0161t\u011b a \u010d\u00e1st travnat\u00e9 plochy \u0161koln\u00ed zahrady. Mezi prvn\u00edm<br \/>\na druh\u00fdm pavilonem se nach\u00e1z\u00ed dopravn\u00ed h\u0159i\u0161t\u011b s p\u0159\u00edst\u0159e\u0161kem, ve kter\u00e9m jsou um\u00edst\u011bny dopravn\u00ed prost\u0159edky pro d\u011bti. \u010c\u00e1st \u0161koln\u00ed zahrady se nach\u00e1z\u00ed v zadn\u00ed \u010d\u00e1sti are\u00e1lu M\u0160. Tyto prostory jsou ponech\u00e1ny<br \/>\nk voln\u00e9mu pohybu d\u011bt\u00ed, p\u011bstov\u00e1n\u00ed rostlin a prov\u00e1d\u011bn\u00ed sez\u00f3nn\u00edch \u010dinnost\u00ed. Pro hork\u00e9 dny je zahrada vybavena mlhovi\u0161t\u011bm.<\/p>\n<p><a href=\"http:\/\/prohlidka.ctyrlistek-pardubice.eu\/pardubicky\/index.html\" target=\"_blank\" rel=\"noopener noreferrer\">Virtu\u00e1ln\u00ed prohl\u00eddka<\/a><\/p>\n<p><a href=\"https:\/\/ctyrlistek-pardubice.eu\/pardubicky\/wp-content\/uploads\/sites\/2\/2016\/12\/IMG_8973.jpg\" rel=\"lightbox[13]\"><img decoding=\"async\" class=\"alignnone wp-image-1075 size-medium lazyload\" data-src=\"https:\/\/ctyrlistek-pardubice.eu\/pardubicky\/wp-content\/uploads\/sites\/2\/2016\/12\/IMG_8973-300x200.jpg\" alt=\"M\u0160 \u010cty\u0159l\u00edstek - fotografie u\u010debny\" width=\"300\" height=\"200\" data-srcset=\"https:\/\/ctyrlistek-pardubice.eu\/pardubicky\/wp-content\/uploads\/sites\/2\/2016\/12\/IMG_8973-300x200.jpg 300w, https:\/\/ctyrlistek-pardubice.eu\/pardubicky\/wp-content\/uploads\/sites\/2\/2016\/12\/IMG_8973-768x512.jpg 768w, https:\/\/ctyrlistek-pardubice.eu\/pardubicky\/wp-content\/uploads\/sites\/2\/2016\/12\/IMG_8973-1024x683.jpg 1024w, https:\/\/ctyrlistek-pardubice.eu\/pardubicky\/wp-content\/uploads\/sites\/2\/2016\/12\/IMG_8973.jpg 1200w\" data-sizes=\"(max-width: 300px) 100vw, 300px\" src=\"data:image\/svg+xml;base64,PHN2ZyB3aWR0aD0iMSIgaGVpZ2h0PSIxIiB4bWxucz0iaHR0cDovL3d3dy53My5vcmcvMjAwMC9zdmciPjwvc3ZnPg==\" style=\"--smush-placeholder-width: 300px; --smush-placeholder-aspect-ratio: 300\/200;\" \/><\/a> <a href=\"https:\/\/ctyrlistek-pardubice.eu\/pardubicky\/wp-content\/uploads\/sites\/2\/2016\/12\/IMG_8976.jpg\" rel=\"lightbox[13]\"><img decoding=\"async\" class=\"alignnone wp-image-1076 size-medium lazyload\" data-src=\"https:\/\/ctyrlistek-pardubice.eu\/pardubicky\/wp-content\/uploads\/sites\/2\/2016\/12\/IMG_8976-300x200.jpg\" alt=\"M\u0160 \u010cty\u0159l\u00edstek - fotografie u\u010debny, hrac\u00ed kout\" width=\"300\" height=\"200\" data-srcset=\"https:\/\/ctyrlistek-pardubice.eu\/pardubicky\/wp-content\/uploads\/sites\/2\/2016\/12\/IMG_8976-300x200.jpg 300w, https:\/\/ctyrlistek-pardubice.eu\/pardubicky\/wp-content\/uploads\/sites\/2\/2016\/12\/IMG_8976-768x512.jpg 768w, https:\/\/ctyrlistek-pardubice.eu\/pardubicky\/wp-content\/uploads\/sites\/2\/2016\/12\/IMG_8976-1024x683.jpg 1024w, https:\/\/ctyrlistek-pardubice.eu\/pardubicky\/wp-content\/uploads\/sites\/2\/2016\/12\/IMG_8976.jpg 1200w\" data-sizes=\"(max-width: 300px) 100vw, 300px\" src=\"data:image\/svg+xml;base64,PHN2ZyB3aWR0aD0iMSIgaGVpZ2h0PSIxIiB4bWxucz0iaHR0cDovL3d3dy53My5vcmcvMjAwMC9zdmciPjwvc3ZnPg==\" style=\"--smush-placeholder-width: 300px; --smush-placeholder-aspect-ratio: 300\/200;\" \/><\/a> <a href=\"https:\/\/ctyrlistek-pardubice.eu\/pardubicky\/wp-content\/uploads\/sites\/2\/2016\/12\/IMG_8977.jpg\" rel=\"lightbox[13]\"><img decoding=\"async\" class=\"alignnone wp-image-1077 size-medium lazyload\" data-src=\"https:\/\/ctyrlistek-pardubice.eu\/pardubicky\/wp-content\/uploads\/sites\/2\/2016\/12\/IMG_8977-300x200.jpg\" alt=\"M\u0160 \u010cty\u0159l\u00edstek - fotografie u\u010debny, hrac\u00ed kout\" width=\"300\" height=\"200\" data-srcset=\"https:\/\/ctyrlistek-pardubice.eu\/pardubicky\/wp-content\/uploads\/sites\/2\/2016\/12\/IMG_8977-300x200.jpg 300w, https:\/\/ctyrlistek-pardubice.eu\/pardubicky\/wp-content\/uploads\/sites\/2\/2016\/12\/IMG_8977-768x512.jpg 768w, https:\/\/ctyrlistek-pardubice.eu\/pardubicky\/wp-content\/uploads\/sites\/2\/2016\/12\/IMG_8977-1024x683.jpg 1024w, https:\/\/ctyrlistek-pardubice.eu\/pardubicky\/wp-content\/uploads\/sites\/2\/2016\/12\/IMG_8977.jpg 1200w\" data-sizes=\"(max-width: 300px) 100vw, 300px\" src=\"data:image\/svg+xml;base64,PHN2ZyB3aWR0aD0iMSIgaGVpZ2h0PSIxIiB4bWxucz0iaHR0cDovL3d3dy53My5vcmcvMjAwMC9zdmciPjwvc3ZnPg==\" style=\"--smush-placeholder-width: 300px; --smush-placeholder-aspect-ratio: 300\/200;\" \/><\/a> <a href=\"https:\/\/ctyrlistek-pardubice.eu\/pardubicky\/wp-content\/uploads\/sites\/2\/2016\/12\/IMG_8982.jpg\" rel=\"lightbox[13]\"><img decoding=\"async\" class=\"alignnone wp-image-1078 size-medium lazyload\" data-src=\"https:\/\/ctyrlistek-pardubice.eu\/pardubicky\/wp-content\/uploads\/sites\/2\/2016\/12\/IMG_8982-300x200.jpg\" alt=\"M\u0160 \u010cty\u0159l\u00edstek - fotografie u\u010debny, stoly\" width=\"300\" height=\"200\" data-srcset=\"https:\/\/ctyrlistek-pardubice.eu\/pardubicky\/wp-content\/uploads\/sites\/2\/2016\/12\/IMG_8982-300x200.jpg 300w, https:\/\/ctyrlistek-pardubice.eu\/pardubicky\/wp-content\/uploads\/sites\/2\/2016\/12\/IMG_8982-768x512.jpg 768w, https:\/\/ctyrlistek-pardubice.eu\/pardubicky\/wp-content\/uploads\/sites\/2\/2016\/12\/IMG_8982-1024x683.jpg 1024w, https:\/\/ctyrlistek-pardubice.eu\/pardubicky\/wp-content\/uploads\/sites\/2\/2016\/12\/IMG_8982.jpg 1200w\" data-sizes=\"(max-width: 300px) 100vw, 300px\" src=\"data:image\/svg+xml;base64,PHN2ZyB3aWR0aD0iMSIgaGVpZ2h0PSIxIiB4bWxucz0iaHR0cDovL3d3dy53My5vcmcvMjAwMC9zdmciPjwvc3ZnPg==\" style=\"--smush-placeholder-width: 300px; --smush-placeholder-aspect-ratio: 300\/200;\" \/><\/a> <a href=\"https:\/\/ctyrlistek-pardubice.eu\/pardubicky\/wp-content\/uploads\/sites\/2\/2016\/12\/IMG_8983.jpg\" rel=\"lightbox[13]\"><img decoding=\"async\" class=\"alignnone wp-image-1079 size-medium lazyload\" data-src=\"https:\/\/ctyrlistek-pardubice.eu\/pardubicky\/wp-content\/uploads\/sites\/2\/2016\/12\/IMG_8983-300x200.jpg\" alt=\"M\u0160 \u010cty\u0159l\u00edstek - fotografie u\u010debny, herna\" width=\"300\" height=\"200\" data-srcset=\"https:\/\/ctyrlistek-pardubice.eu\/pardubicky\/wp-content\/uploads\/sites\/2\/2016\/12\/IMG_8983-300x200.jpg 300w, https:\/\/ctyrlistek-pardubice.eu\/pardubicky\/wp-content\/uploads\/sites\/2\/2016\/12\/IMG_8983-768x512.jpg 768w, https:\/\/ctyrlistek-pardubice.eu\/pardubicky\/wp-content\/uploads\/sites\/2\/2016\/12\/IMG_8983-1024x683.jpg 1024w, https:\/\/ctyrlistek-pardubice.eu\/pardubicky\/wp-content\/uploads\/sites\/2\/2016\/12\/IMG_8983.jpg 1200w\" data-sizes=\"(max-width: 300px) 100vw, 300px\" src=\"data:image\/svg+xml;base64,PHN2ZyB3aWR0aD0iMSIgaGVpZ2h0PSIxIiB4bWxucz0iaHR0cDovL3d3dy53My5vcmcvMjAwMC9zdmciPjwvc3ZnPg==\" style=\"--smush-placeholder-width: 300px; --smush-placeholder-aspect-ratio: 300\/200;\" \/><\/a> <a href=\"https:\/\/ctyrlistek-pardubice.eu\/pardubicky\/wp-content\/uploads\/sites\/2\/2016\/12\/IMG_8985.jpg\" rel=\"lightbox[13]\"><img decoding=\"async\" class=\"alignnone wp-image-1080 size-medium lazyload\" data-src=\"https:\/\/ctyrlistek-pardubice.eu\/pardubicky\/wp-content\/uploads\/sites\/2\/2016\/12\/IMG_8985-300x200.jpg\" alt=\"M\u0160 \u010cty\u0159l\u00edstek - fotografie u\u010debny, stoly\" width=\"300\" height=\"200\" data-srcset=\"https:\/\/ctyrlistek-pardubice.eu\/pardubicky\/wp-content\/uploads\/sites\/2\/2016\/12\/IMG_8985-300x200.jpg 300w, https:\/\/ctyrlistek-pardubice.eu\/pardubicky\/wp-content\/uploads\/sites\/2\/2016\/12\/IMG_8985-768x512.jpg 768w, https:\/\/ctyrlistek-pardubice.eu\/pardubicky\/wp-content\/uploads\/sites\/2\/2016\/12\/IMG_8985-1024x683.jpg 1024w, https:\/\/ctyrlistek-pardubice.eu\/pardubicky\/wp-content\/uploads\/sites\/2\/2016\/12\/IMG_8985.jpg 1200w\" data-sizes=\"(max-width: 300px) 100vw, 300px\" src=\"data:image\/svg+xml;base64,PHN2ZyB3aWR0aD0iMSIgaGVpZ2h0PSIxIiB4bWxucz0iaHR0cDovL3d3dy53My5vcmcvMjAwMC9zdmciPjwvc3ZnPg==\" style=\"--smush-placeholder-width: 300px; --smush-placeholder-aspect-ratio: 300\/200;\" \/><\/a> <a href=\"https:\/\/ctyrlistek-pardubice.eu\/pardubicky\/wp-content\/uploads\/sites\/2\/2016\/12\/IMG_8986.jpg\" rel=\"lightbox[13]\"><img decoding=\"async\" class=\"alignnone wp-image-1081 size-medium lazyload\" data-src=\"https:\/\/ctyrlistek-pardubice.eu\/pardubicky\/wp-content\/uploads\/sites\/2\/2016\/12\/IMG_8986-300x200.jpg\" alt=\"M\u0160 \u010cty\u0159l\u00edstek - fotografie zahrady\" width=\"300\" height=\"200\" data-srcset=\"https:\/\/ctyrlistek-pardubice.eu\/pardubicky\/wp-content\/uploads\/sites\/2\/2016\/12\/IMG_8986-300x200.jpg 300w, https:\/\/ctyrlistek-pardubice.eu\/pardubicky\/wp-content\/uploads\/sites\/2\/2016\/12\/IMG_8986-768x512.jpg 768w, https:\/\/ctyrlistek-pardubice.eu\/pardubicky\/wp-content\/uploads\/sites\/2\/2016\/12\/IMG_8986-1024x683.jpg 1024w, https:\/\/ctyrlistek-pardubice.eu\/pardubicky\/wp-content\/uploads\/sites\/2\/2016\/12\/IMG_8986.jpg 1200w\" data-sizes=\"(max-width: 300px) 100vw, 300px\" src=\"data:image\/svg+xml;base64,PHN2ZyB3aWR0aD0iMSIgaGVpZ2h0PSIxIiB4bWxucz0iaHR0cDovL3d3dy53My5vcmcvMjAwMC9zdmciPjwvc3ZnPg==\" style=\"--smush-placeholder-width: 300px; --smush-placeholder-aspect-ratio: 300\/200;\" \/><\/a> <a href=\"https:\/\/ctyrlistek-pardubice.eu\/pardubicky\/wp-content\/uploads\/sites\/2\/2016\/12\/IMG_8987.jpg\" rel=\"lightbox[13]\"><img decoding=\"async\" class=\"alignnone wp-image-1082 size-medium lazyload\" data-src=\"https:\/\/ctyrlistek-pardubice.eu\/pardubicky\/wp-content\/uploads\/sites\/2\/2016\/12\/IMG_8987-300x200.jpg\" alt=\"M\u0160 \u010cty\u0159l\u00edstek - fotografie zahrady\" width=\"300\" height=\"200\" data-srcset=\"https:\/\/ctyrlistek-pardubice.eu\/pardubicky\/wp-content\/uploads\/sites\/2\/2016\/12\/IMG_8987-300x200.jpg 300w, https:\/\/ctyrlistek-pardubice.eu\/pardubicky\/wp-content\/uploads\/sites\/2\/2016\/12\/IMG_8987-768x512.jpg 768w, https:\/\/ctyrlistek-pardubice.eu\/pardubicky\/wp-content\/uploads\/sites\/2\/2016\/12\/IMG_8987-1024x683.jpg 1024w, https:\/\/ctyrlistek-pardubice.eu\/pardubicky\/wp-content\/uploads\/sites\/2\/2016\/12\/IMG_8987.jpg 1200w\" data-sizes=\"(max-width: 300px) 100vw, 300px\" src=\"data:image\/svg+xml;base64,PHN2ZyB3aWR0aD0iMSIgaGVpZ2h0PSIxIiB4bWxucz0iaHR0cDovL3d3dy53My5vcmcvMjAwMC9zdmciPjwvc3ZnPg==\" style=\"--smush-placeholder-width: 300px; --smush-placeholder-aspect-ratio: 300\/200;\" \/><\/a> <a href=\"https:\/\/ctyrlistek-pardubice.eu\/pardubicky\/wp-content\/uploads\/sites\/2\/2016\/12\/IMG_8988.jpg\" rel=\"lightbox[13]\"><img decoding=\"async\" class=\"alignnone wp-image-1083 size-medium lazyload\" data-src=\"https:\/\/ctyrlistek-pardubice.eu\/pardubicky\/wp-content\/uploads\/sites\/2\/2016\/12\/IMG_8988-300x200.jpg\" alt=\"M\u0160 \u010cty\u0159l\u00edstek - fotografie zahrady\" width=\"300\" height=\"200\" data-srcset=\"https:\/\/ctyrlistek-pardubice.eu\/pardubicky\/wp-content\/uploads\/sites\/2\/2016\/12\/IMG_8988-300x200.jpg 300w, https:\/\/ctyrlistek-pardubice.eu\/pardubicky\/wp-content\/uploads\/sites\/2\/2016\/12\/IMG_8988-768x512.jpg 768w, https:\/\/ctyrlistek-pardubice.eu\/pardubicky\/wp-content\/uploads\/sites\/2\/2016\/12\/IMG_8988-1024x683.jpg 1024w, https:\/\/ctyrlistek-pardubice.eu\/pardubicky\/wp-content\/uploads\/sites\/2\/2016\/12\/IMG_8988.jpg 1200w\" data-sizes=\"(max-width: 300px) 100vw, 300px\" src=\"data:image\/svg+xml;base64,PHN2ZyB3aWR0aD0iMSIgaGVpZ2h0PSIxIiB4bWxucz0iaHR0cDovL3d3dy53My5vcmcvMjAwMC9zdmciPjwvc3ZnPg==\" style=\"--smush-placeholder-width: 300px; --smush-placeholder-aspect-ratio: 300\/200;\" \/><\/a> <a href=\"https:\/\/ctyrlistek-pardubice.eu\/pardubicky\/wp-content\/uploads\/sites\/2\/2016\/12\/IMG_8989.jpg\" rel=\"lightbox[13]\"><img decoding=\"async\" class=\"alignnone wp-image-1084 size-medium lazyload\" data-src=\"https:\/\/ctyrlistek-pardubice.eu\/pardubicky\/wp-content\/uploads\/sites\/2\/2016\/12\/IMG_8989-300x200.jpg\" alt=\"M\u0160 \u010cty\u0159l\u00edstek - fotografie zahrady\" width=\"300\" height=\"200\" data-srcset=\"https:\/\/ctyrlistek-pardubice.eu\/pardubicky\/wp-content\/uploads\/sites\/2\/2016\/12\/IMG_8989-300x200.jpg 300w, https:\/\/ctyrlistek-pardubice.eu\/pardubicky\/wp-content\/uploads\/sites\/2\/2016\/12\/IMG_8989-768x512.jpg 768w, https:\/\/ctyrlistek-pardubice.eu\/pardubicky\/wp-content\/uploads\/sites\/2\/2016\/12\/IMG_8989-1024x683.jpg 1024w, https:\/\/ctyrlistek-pardubice.eu\/pardubicky\/wp-content\/uploads\/sites\/2\/2016\/12\/IMG_8989.jpg 1200w\" data-sizes=\"(max-width: 300px) 100vw, 300px\" src=\"data:image\/svg+xml;base64,PHN2ZyB3aWR0aD0iMSIgaGVpZ2h0PSIxIiB4bWxucz0iaHR0cDovL3d3dy53My5vcmcvMjAwMC9zdmciPjwvc3ZnPg==\" style=\"--smush-placeholder-width: 300px; --smush-placeholder-aspect-ratio: 300\/200;\" \/><\/a> <a href=\"https:\/\/ctyrlistek-pardubice.eu\/pardubicky\/wp-content\/uploads\/sites\/2\/2016\/12\/IMG_8992.jpg\" rel=\"lightbox[13]\"><img decoding=\"async\" class=\"alignnone wp-image-1085 size-medium lazyload\" data-src=\"https:\/\/ctyrlistek-pardubice.eu\/pardubicky\/wp-content\/uploads\/sites\/2\/2016\/12\/IMG_8992-300x200.jpg\" alt=\"M\u0160 \u010cty\u0159l\u00edstek - vchod\" width=\"300\" height=\"200\" data-srcset=\"https:\/\/ctyrlistek-pardubice.eu\/pardubicky\/wp-content\/uploads\/sites\/2\/2016\/12\/IMG_8992-300x200.jpg 300w, https:\/\/ctyrlistek-pardubice.eu\/pardubicky\/wp-content\/uploads\/sites\/2\/2016\/12\/IMG_8992-768x512.jpg 768w, https:\/\/ctyrlistek-pardubice.eu\/pardubicky\/wp-content\/uploads\/sites\/2\/2016\/12\/IMG_8992-1024x683.jpg 1024w, https:\/\/ctyrlistek-pardubice.eu\/pardubicky\/wp-content\/uploads\/sites\/2\/2016\/12\/IMG_8992.jpg 1200w\" data-sizes=\"(max-width: 300px) 100vw, 300px\" src=\"data:image\/svg+xml;base64,PHN2ZyB3aWR0aD0iMSIgaGVpZ2h0PSIxIiB4bWxucz0iaHR0cDovL3d3dy53My5vcmcvMjAwMC9zdmciPjwvc3ZnPg==\" style=\"--smush-placeholder-width: 300px; --smush-placeholder-aspect-ratio: 300\/200;\" \/><\/a> <a href=\"https:\/\/ctyrlistek-pardubice.eu\/pardubicky\/wp-content\/uploads\/sites\/2\/2016\/12\/IMG_8994.jpg\" rel=\"lightbox[13]\"><img decoding=\"async\" class=\"alignnone wp-image-1086 size-medium lazyload\" data-src=\"https:\/\/ctyrlistek-pardubice.eu\/pardubicky\/wp-content\/uploads\/sites\/2\/2016\/12\/IMG_8994-300x200.jpg\" alt=\"M\u0160 \u010cty\u0159l\u00edstek - vchod\" width=\"300\" height=\"200\" data-srcset=\"https:\/\/ctyrlistek-pardubice.eu\/pardubicky\/wp-content\/uploads\/sites\/2\/2016\/12\/IMG_8994-300x200.jpg 300w, https:\/\/ctyrlistek-pardubice.eu\/pardubicky\/wp-content\/uploads\/sites\/2\/2016\/12\/IMG_8994-768x512.jpg 768w, https:\/\/ctyrlistek-pardubice.eu\/pardubicky\/wp-content\/uploads\/sites\/2\/2016\/12\/IMG_8994-1024x683.jpg 1024w, https:\/\/ctyrlistek-pardubice.eu\/pardubicky\/wp-content\/uploads\/sites\/2\/2016\/12\/IMG_8994.jpg 1200w\" data-sizes=\"(max-width: 300px) 100vw, 300px\" src=\"data:image\/svg+xml;base64,PHN2ZyB3aWR0aD0iMSIgaGVpZ2h0PSIxIiB4bWxucz0iaHR0cDovL3d3dy53My5vcmcvMjAwMC9zdmciPjwvc3ZnPg==\" style=\"--smush-placeholder-width: 300px; --smush-placeholder-aspect-ratio: 300\/200;\" \/><\/a><\/p>\n<p>&nbsp;<\/p>\n","protected":false},"excerpt":{"rendered":"<p>V mate\u0159sk\u00e9 \u0161kole jsou 3 pavilony, prvn\u00ed hospod\u00e1\u0159sk\u00fd s kuchyn\u00ed a \u0159editelnou, druh\u00fd pavilon je ur\u010den jako v\u00fddejna ob\u011bd\u016f pro \u017e\u00e1ky Z\u00e1kladn\u00ed \u0161koly Pardubi\u010dky a ve t\u0159et\u00edm pavilonu se nach\u00e1z\u00ed dv\u011b t\u0159\u00eddy mate\u0159sk\u00e9 \u0161koly. Tento pavilon je vybaven modern\u00edm a pln\u011b funk\u010dn\u00edm za\u0159\u00edzen\u00edm. Nach\u00e1z\u00ed se zde tak\u00e9 letn\u00ed umyv\u00e1rna a WC d\u011bt\u00ed. Sou\u010dasn\u011b je tady [&hellip;]<\/p>\n","protected":false},"author":1,"featured_media":0,"parent":0,"menu_order":8,"comment_status":"closed","ping_status":"closed","template":"","meta":{"_acf_changed":false,"footnotes":""},"class_list":["post-13","page","type-page","status-publish","hentry"],"acf":[],"_links":{"self":[{"href":"https:\/\/ctyrlistek-pardubice.eu\/pardubicky\/wp-json\/wp\/v2\/pages\/13","targetHints":{"allow":["GET"]}}],"collection":[{"href":"https:\/\/ctyrlistek-pardubice.eu\/pardubicky\/wp-json\/wp\/v2\/pages"}],"about":[{"href":"https:\/\/ctyrlistek-pardubice.eu\/pardubicky\/wp-json\/wp\/v2\/types\/page"}],"author":[{"embeddable":true,"href":"https:\/\/ctyrlistek-pardubice.eu\/pardubicky\/wp-json\/wp\/v2\/users\/1"}],"replies":[{"embeddable":true,"href":"https:\/\/ctyrlistek-pardubice.eu\/pardubicky\/wp-json\/wp\/v2\/comments?post=13"}],"version-history":[{"count":15,"href":"https:\/\/ctyrlistek-pardubice.eu\/pardubicky\/wp-json\/wp\/v2\/pages\/13\/revisions"}],"predecessor-version":[{"id":9596,"href":"https:\/\/ctyrlistek-pardubice.eu\/pardubicky\/wp-json\/wp\/v2\/pages\/13\/revisions\/9596"}],"wp:attachment":[{"href":"https:\/\/ctyrlistek-pardubice.eu\/pardubicky\/wp-json\/wp\/v2\/media?parent=13"}],"curies":[{"name":"wp","href":"https:\/\/api.w.org\/{rel}","templated":true}]}}