{"id":2907,"date":"2019-12-28T19:36:53","date_gmt":"2019-12-28T18:36:53","guid":{"rendered":"https:\/\/ctyrlistek-pardubice.eu\/pardubicky\/?page_id=2907"},"modified":"2019-12-28T22:13:35","modified_gmt":"2019-12-28T21:13:35","slug":"prohlaseni-o-pristupnosti","status":"publish","type":"page","link":"https:\/\/ctyrlistek-pardubice.eu\/pardubicky\/prohlaseni-o-pristupnosti\/","title":{"rendered":"Prohl\u00e1\u0161en\u00ed o p\u0159\u00edstupnosti"},"content":{"rendered":"\n<h2 class=\"wp-block-heading\">ODD\u00cdL 1<\/h2>\n\n\n\n<h2 class=\"wp-block-heading\">POVINN\u00c9 PO\u017dADAVKY NA OBSAH<\/h2>\n\n\n\n<p>Provozovatel tohoto webu\nse zavazuje ke zp\u0159\u00edstupn\u011bn\u00ed obsahu t\u00e9to webov\u00e9 prezentace v souladu se sm\u011brnic\u00ed\nEvropsk\u00e9ho parlamentu a Rady (EU) 2016\/2102, d\u00e1le v souladu se z\u00e1konem \u010d.\n99\/2019 Sb., o p\u0159\u00edstupnosti internetov\u00fdch str\u00e1nek a mobiln\u00edch aplikac\u00ed a o\nzm\u011bn\u011b z\u00e1kona \u010d. 365\/2000 Sb., o informa\u010dn\u00edch syst\u00e9mech ve\u0159ejn\u00e9 spr\u00e1vy a o zm\u011bn\u011b\nn\u011bkter\u00fdch dal\u0161\u00edch z\u00e1kon\u016f ve zn\u011bn\u00ed pozd\u011bj\u0161\u00edch p\u0159edpis\u016f.<\/p>\n\n\n\n<p>Toto prohl\u00e1\u0161en\u00ed o\np\u0159\u00edstupnosti se vztahuje na webov\u00e9 str\u00e1nky na dom\u00e9n\u011b ctyrlistek-pardubice.eu<\/p>\n\n\n\n<h2 class=\"wp-block-heading\">Stav souladu<\/h2>\n\n\n\n<p>Tyto internetov\u00e9 str\u00e1nky\njsou v souladu s v\u00fd\u0161e uveden\u00fdmi p\u0159edpisy a standardem WCAG 2.1 s v\u00fdjimkami\nuveden\u00fdmi n\u00ed\u017ee.<\/p>\n\n\n\n<h3 class=\"wp-block-heading\">Virtu\u00e1ln\u00ed prohl\u00eddka<\/h3>\n\n\n\n<p>Pro n\u00e1v\u0161t\u011bvn\u00edky webu je k&nbsp;dispozici\n3D prohl\u00eddka \u0161kolky. Pro odd\u011blen\u00ed Pardubi\u010dky je dostupn\u00e1 na adrese <a href=\"http:\/\/prohlidka.ctyrlistek-pardubice.eu\/pardubicky\/index.html\">http:\/\/prohlidka.ctyrlistek-pardubice.eu\/pardubicky\/index.html<\/a>,\npro odd\u011blen\u00ed Nemo\u0161ice <a href=\"http:\/\/prohlidka.ctyrlistek-pardubice.eu\/nemosice\/index.html\">http:\/\/prohlidka.ctyrlistek-pardubice.eu\/nemosice\/index.html<\/a>.\nTato virtu\u00e1ln\u00ed prohl\u00eddka je dostupn\u00e1 ve v\u0161ech webov\u00fdch prohl\u00ed\u017ee\u010d\u00edch, kter\u00e9\npodporuj\u00ed JavaScript. Jeliko\u017e neexistuje textov\u00fd ekvivalent t\u00e9to virtu\u00e1ln\u00ed prohl\u00eddky,\nnen\u00ed dostupn\u00e1 pro obsahov\u00e9 \u010dte\u010dky. <\/p>\n\n\n\n<h3 class=\"wp-block-heading\">Dal\u0161\u00ed form\u00e1ty<\/h3>\n\n\n\n<p>Na t\u011bchto webov\u00fdch\nstr\u00e1nk\u00e1ch jsou nab\u00edzeny n\u011bkter\u00e9 informace ve form\u011b soubory a dokument\u016f ve\nform\u00e1tu PDF. V\u011bt\u0161ina modern\u00edch webov\u00fdch prohl\u00ed\u017ee\u010d\u016f tyto soubory podporuje a um\u00ed\nje zobrazit. P\u0159\u00edpadn\u011b je mo\u017en\u00e9 pro zobrazen\u00ed t\u011bchto dokument\u016f pou\u017e\u00edt program\nAdobe Reader, p\u0159\u00edpadn\u011b jak\u00e9koli dal\u0161\u00ed alternativn\u00ed programy pro zobrazen\u00ed pdf\nsoubor\u016f, jako je nap\u0159\u00edklad Foxit Reader. Tyto programy je mo\u017en\u00e9 z\u00edskat sta\u017een\u00ed\nz&nbsp;webov\u00fdch str\u00e1nek jejich v\u00fdrobc\u016f. <\/p>\n\n\n\n<p>D\u00e1le jsou n\u011bkter\u00e9 soubory\nnab\u00edzeny ve form\u00e1tu MS Office, tedy form\u00e1ty .doc, .docx, .odt, .xls, .xlsx. Tyto\nsoubory je mo\u017en\u00e9 zobrazit v&nbsp;b\u011b\u017en\u011b dostupn\u00fdch textov\u00fdch editorech, jako\njsou MS Office, LibreOffice, nebo OpenOffice. Tyto programy je mo\u017en\u00e9 z\u00edskat sta\u017een\u00ed\nz&nbsp;webov\u00fdch str\u00e1nek jejich v\u00fdrobc\u016f.<\/p>\n\n\n\n<h3 class=\"wp-block-heading\">Fotogalerie<\/h3>\n\n\n\n<p>Fotogalerie je na webu\ndostupn\u00e1 pouze po p\u0159ihl\u00e1\u0161en\u00ed jm\u00e9nem a heslem. P\u0159ihla\u0161ovac\u00ed \u00fadaje je mo\u017en\u00e9\nz\u00edskat dotazem na spr\u00e1vce obsahu (M\u0160 \u010cty\u0159l\u00edstek). N\u011bkter\u00e9 star\u0161\u00ed fotografie a\nvidea mohou postr\u00e1dat titulky a alternativn\u00ed textov\u00fd popis. Uveden\u00ed t\u011bchto\nnedostatk\u016f do souladu se z\u00e1konem a s pravidly p\u0159\u00edstupnosti by v tomto p\u0159\u00edpad\u011b\nbylo pro provozovatele finan\u010dn\u011b n\u00e1ro\u010dn\u00e9, tak\u017ee podle \u00a7 7 z\u00e1kona 356\/2000 Sb. ve\nzn\u011bn\u00edch pozd\u011bj\u0161\u00edch p\u0159edpis\u016f toto nen\u00ed dodate\u010dn\u011b upravov\u00e1no.<\/p>\n\n\n\n<p>Toto prohl\u00e1\u0161en\u00ed bylo\nvypracov\u00e1no dne 1. 1. 2020<\/p>\n\n\n\n<p>Toto prohl\u00e1\u0161en\u00ed bylo\nvypracov\u00e1no posouzen\u00edm proveden\u00fdm t\u0159et\u00ed stranou \u2013 technick\u00fdm provozovatelem\nt\u011bchto internetov\u00fdch str\u00e1nek. Pro vypracov\u00e1n\u00ed prohl\u00e1\u0161en\u00ed byly pou\u017eity v\u00fd\u0161e\nuveden\u00e9 z\u00e1kony a legislativn\u00ed normy a metodick\u00fd pokyn MV\u010cR k tomuto z\u00e1konu,\nd\u00e1le mezin\u00e1rodn\u011b uzn\u00e1van\u00e9 standardy Web Content Accessibility Guidelines \u2013 WCAG\n2.1.<\/p>\n\n\n\n<h2 class=\"wp-block-heading\">Zp\u011btn\u00e1 vazba a kontaktn\u00ed \u00fadaje<\/h2>\n\n\n\n<p>Zp\u011btnou vazbu ohledn\u011b\np\u0159\u00edstupnosti webov\u00fdch str\u00e1nek a informac\u00ed na nich uveden\u00fdch sm\u011brujte na n\u00ed\u017ee\nuveden\u00e9 kontakty.<\/p>\n\n\n\n<p><strong>Kontakt na spr\u00e1vce\nobsahu:<\/strong><\/p>\n\n\n\n<p>Mate\u0159sk\u00e1 \u0161kola \u010cty\u0159l\u00edstek Pardubice<br>N\u00e1rodn\u00edch hrdin\u016f 8<br>Pardubice 530 03<\/p>\n\n\n\n<p>E-mail:&nbsp;info@ctyrlistek-pardubice.eu<\/p>\n\n\n\n<p>Tel.: 466 650&nbsp;111<\/p>\n\n\n\n<p><strong>Kontakt na dodavatele\ntechnick\u00e9ho \u0159e\u0161en\u00ed:<\/strong><\/p>\n\n\n\n<p>Vojt\u011bch Rychnovsk\u00fd<br>E-mail: me@web-rychnovsky.com<\/p>\n\n\n\n<h2 class=\"wp-block-heading\">Postupy pro prosazov\u00e1n\u00ed pr\u00e1va<\/h2>\n\n\n\n<p>V p\u0159\u00edpad\u011b neuspokojiv\u00e9\nodpov\u011bdi na ozn\u00e1men\u00ed nebo \u017e\u00e1dost zaslanou v souladu se sm\u011brnic\u00ed Evropsk\u00e9ho\nparlamentu a Rady (EU) 2016\/2102 kontaktujte:<\/p>\n\n\n\n<p>Ministerstvo vnitra<br>odbor eGovernmentu<br>n\u00e1m\u011bst\u00ed Hrdin\u016f 1634\/3<br>140 21 Praha 4<\/p>\n\n\n\n<p>E-mail: pristupnost@mvcr.cz <\/p>\n","protected":false},"excerpt":{"rendered":"<p>ODD\u00cdL 1 POVINN\u00c9 PO\u017dADAVKY NA OBSAH Provozovatel tohoto webu se zavazuje ke zp\u0159\u00edstupn\u011bn\u00ed obsahu t\u00e9to webov\u00e9 prezentace v souladu se sm\u011brnic\u00ed Evropsk\u00e9ho parlamentu a Rady (EU) 2016\/2102, d\u00e1le v souladu se z\u00e1konem \u010d. 99\/2019 Sb., o p\u0159\u00edstupnosti internetov\u00fdch str\u00e1nek a mobiln\u00edch aplikac\u00ed a o zm\u011bn\u011b z\u00e1kona \u010d. 365\/2000 Sb., o informa\u010dn\u00edch syst\u00e9mech ve\u0159ejn\u00e9 spr\u00e1vy a [&hellip;]<\/p>\n","protected":false},"author":1,"featured_media":0,"parent":0,"menu_order":0,"comment_status":"closed","ping_status":"closed","template":"","meta":{"_acf_changed":false,"footnotes":""},"class_list":["post-2907","page","type-page","status-publish","hentry"],"acf":[],"_links":{"self":[{"href":"https:\/\/ctyrlistek-pardubice.eu\/pardubicky\/wp-json\/wp\/v2\/pages\/2907","targetHints":{"allow":["GET"]}}],"collection":[{"href":"https:\/\/ctyrlistek-pardubice.eu\/pardubicky\/wp-json\/wp\/v2\/pages"}],"about":[{"href":"https:\/\/ctyrlistek-pardubice.eu\/pardubicky\/wp-json\/wp\/v2\/types\/page"}],"author":[{"embeddable":true,"href":"https:\/\/ctyrlistek-pardubice.eu\/pardubicky\/wp-json\/wp\/v2\/users\/1"}],"replies":[{"embeddable":true,"href":"https:\/\/ctyrlistek-pardubice.eu\/pardubicky\/wp-json\/wp\/v2\/comments?post=2907"}],"version-history":[{"count":3,"href":"https:\/\/ctyrlistek-pardubice.eu\/pardubicky\/wp-json\/wp\/v2\/pages\/2907\/revisions"}],"predecessor-version":[{"id":2917,"href":"https:\/\/ctyrlistek-pardubice.eu\/pardubicky\/wp-json\/wp\/v2\/pages\/2907\/revisions\/2917"}],"wp:attachment":[{"href":"https:\/\/ctyrlistek-pardubice.eu\/pardubicky\/wp-json\/wp\/v2\/media?parent=2907"}],"curies":[{"name":"wp","href":"https:\/\/api.w.org\/{rel}","templated":true}]}}