{"id":3124,"date":"2020-04-02T09:51:20","date_gmt":"2020-04-02T07:51:20","guid":{"rendered":"https:\/\/ctyrlistek-pardubice.eu\/pardubicky\/?page_id=3124"},"modified":"2024-02-27T17:17:05","modified_gmt":"2024-02-27T16:17:05","slug":"predskolni-gramotnosti","status":"publish","type":"page","link":"https:\/\/ctyrlistek-pardubice.eu\/pardubicky\/organizace\/predskolni-gramotnosti\/","title":{"rendered":"P\u0159ed\u0161koln\u00ed gramotnosti"},"content":{"rendered":"\r\n<p>Kliknut\u00edm si otev\u0159ete prezentaci o dan\u00e9m t\u00e9matu:<\/p>\r\n\r\n\r\n\r\n<div class=\"wp-block-group\">\r\n<div class=\"wp-block-group__inner-container is-layout-flow wp-block-group-is-layout-flow\">\r\n<div class=\"wp-block-image\">\r\n<figure class=\"alignleft size-large\"><a href=\"https:\/\/ctyrlistek-pardubice.eu\/pardubicky\/wp-content\/uploads\/sites\/2\/2020\/04\/Co-potr%CC%8Cebuji%CC%81-zna%CC%81t-de%CC%8Cti-pr%CC%8Ced-vstupem-do-MS%CC%8C.pdf\" target=\"_blank\" rel=\"noopener noreferrer\"><img decoding=\"async\" width=\"720\" height=\"539\" class=\"wp-image-3129 lazyload\" data-src=\"https:\/\/ctyrlistek-pardubice.eu\/pardubicky\/wp-content\/uploads\/sites\/2\/2020\/04\/co-musi-znat-pred-vstupem-do-ms.png\" alt=\"\" data-srcset=\"https:\/\/ctyrlistek-pardubice.eu\/pardubicky\/wp-content\/uploads\/sites\/2\/2020\/04\/co-musi-znat-pred-vstupem-do-ms.png 720w, https:\/\/ctyrlistek-pardubice.eu\/pardubicky\/wp-content\/uploads\/sites\/2\/2020\/04\/co-musi-znat-pred-vstupem-do-ms-300x225.png 300w\" data-sizes=\"(max-width: 720px) 100vw, 720px\" src=\"data:image\/svg+xml;base64,PHN2ZyB3aWR0aD0iMSIgaGVpZ2h0PSIxIiB4bWxucz0iaHR0cDovL3d3dy53My5vcmcvMjAwMC9zdmciPjwvc3ZnPg==\" style=\"--smush-placeholder-width: 720px; --smush-placeholder-aspect-ratio: 720\/539;\" \/><\/a><\/figure>\r\n<\/div>\r\n<\/div>\r\n<\/div>\r\n\r\n\r\n\r\n<div class=\"wp-block-image\">\r\n<figure class=\"alignleft size-large\"><a href=\"https:\/\/ctyrlistek-pardubice.eu\/pardubicky\/wp-content\/uploads\/sites\/2\/2020\/04\/Matematicke%CC%81-dovednosti.pdf\" target=\"_blank\" rel=\"noopener noreferrer\"><img decoding=\"async\" width=\"720\" height=\"539\" class=\"wp-image-3131 lazyload\" data-src=\"https:\/\/ctyrlistek-pardubice.eu\/pardubicky\/wp-content\/uploads\/sites\/2\/2020\/04\/matematicke-dovednosti.png\" alt=\"\" data-srcset=\"https:\/\/ctyrlistek-pardubice.eu\/pardubicky\/wp-content\/uploads\/sites\/2\/2020\/04\/matematicke-dovednosti.png 720w, https:\/\/ctyrlistek-pardubice.eu\/pardubicky\/wp-content\/uploads\/sites\/2\/2020\/04\/matematicke-dovednosti-300x225.png 300w\" data-sizes=\"(max-width: 720px) 100vw, 720px\" src=\"data:image\/svg+xml;base64,PHN2ZyB3aWR0aD0iMSIgaGVpZ2h0PSIxIiB4bWxucz0iaHR0cDovL3d3dy53My5vcmcvMjAwMC9zdmciPjwvc3ZnPg==\" style=\"--smush-placeholder-width: 720px; --smush-placeholder-aspect-ratio: 720\/539;\" \/><\/a><\/figure>\r\n<\/div>\r\n\r\n\r\n\r\n<div class=\"wp-block-image\">\r\n<figure class=\"alignleft size-large\"><a href=\"https:\/\/ctyrlistek-pardubice.eu\/pardubicky\/wp-content\/uploads\/sites\/2\/2020\/04\/C%CC%8Ctena%CC%81r%CC%8Cska%CC%81-gramotnost.pdf\" target=\"_blank\" rel=\"noopener noreferrer\"><img decoding=\"async\" width=\"720\" height=\"406\" class=\"wp-image-3130 lazyload\" data-src=\"https:\/\/ctyrlistek-pardubice.eu\/pardubicky\/wp-content\/uploads\/sites\/2\/2020\/04\/ctenarska-gramotnost.png\" alt=\"\" data-srcset=\"https:\/\/ctyrlistek-pardubice.eu\/pardubicky\/wp-content\/uploads\/sites\/2\/2020\/04\/ctenarska-gramotnost.png 720w, https:\/\/ctyrlistek-pardubice.eu\/pardubicky\/wp-content\/uploads\/sites\/2\/2020\/04\/ctenarska-gramotnost-300x169.png 300w\" data-sizes=\"(max-width: 720px) 100vw, 720px\" src=\"data:image\/svg+xml;base64,PHN2ZyB3aWR0aD0iMSIgaGVpZ2h0PSIxIiB4bWxucz0iaHR0cDovL3d3dy53My5vcmcvMjAwMC9zdmciPjwvc3ZnPg==\" style=\"--smush-placeholder-width: 720px; --smush-placeholder-aspect-ratio: 720\/406;\" \/><\/a><\/figure>\r\n<\/div>\r\n\r\n\r\n\r\n<div class=\"wp-block-image\">\r\n<figure class=\"alignleft size-large\"><a href=\"https:\/\/ctyrlistek-pardubice.eu\/pardubicky\/wp-content\/uploads\/sites\/2\/2020\/04\/Ekologicka%CC%81-vy%CC%81chova.pdf\" target=\"_blank\" rel=\"noopener noreferrer\"><img decoding=\"async\" width=\"720\" height=\"406\" class=\"wp-image-3133 lazyload\" data-src=\"https:\/\/ctyrlistek-pardubice.eu\/pardubicky\/wp-content\/uploads\/sites\/2\/2020\/04\/ekologicka-vychova-1.png\" alt=\"\" data-srcset=\"https:\/\/ctyrlistek-pardubice.eu\/pardubicky\/wp-content\/uploads\/sites\/2\/2020\/04\/ekologicka-vychova-1.png 720w, https:\/\/ctyrlistek-pardubice.eu\/pardubicky\/wp-content\/uploads\/sites\/2\/2020\/04\/ekologicka-vychova-1-300x169.png 300w\" data-sizes=\"(max-width: 720px) 100vw, 720px\" src=\"data:image\/svg+xml;base64,PHN2ZyB3aWR0aD0iMSIgaGVpZ2h0PSIxIiB4bWxucz0iaHR0cDovL3d3dy53My5vcmcvMjAwMC9zdmciPjwvc3ZnPg==\" style=\"--smush-placeholder-width: 720px; --smush-placeholder-aspect-ratio: 720\/406;\" \/><\/a><\/figure>\r\n<\/div>\r\n","protected":false},"excerpt":{"rendered":"<p>Kliknut\u00edm si otev\u0159ete prezentaci o dan\u00e9m t\u00e9matu:<\/p>\n","protected":false},"author":1,"featured_media":0,"parent":10,"menu_order":0,"comment_status":"closed","ping_status":"closed","template":"","meta":{"_acf_changed":false,"footnotes":""},"class_list":["post-3124","page","type-page","status-publish","hentry"],"acf":[],"_links":{"self":[{"href":"https:\/\/ctyrlistek-pardubice.eu\/pardubicky\/wp-json\/wp\/v2\/pages\/3124","targetHints":{"allow":["GET"]}}],"collection":[{"href":"https:\/\/ctyrlistek-pardubice.eu\/pardubicky\/wp-json\/wp\/v2\/pages"}],"about":[{"href":"https:\/\/ctyrlistek-pardubice.eu\/pardubicky\/wp-json\/wp\/v2\/types\/page"}],"author":[{"embeddable":true,"href":"https:\/\/ctyrlistek-pardubice.eu\/pardubicky\/wp-json\/wp\/v2\/users\/1"}],"replies":[{"embeddable":true,"href":"https:\/\/ctyrlistek-pardubice.eu\/pardubicky\/wp-json\/wp\/v2\/comments?post=3124"}],"version-history":[{"count":5,"href":"https:\/\/ctyrlistek-pardubice.eu\/pardubicky\/wp-json\/wp\/v2\/pages\/3124\/revisions"}],"predecessor-version":[{"id":9459,"href":"https:\/\/ctyrlistek-pardubice.eu\/pardubicky\/wp-json\/wp\/v2\/pages\/3124\/revisions\/9459"}],"up":[{"embeddable":true,"href":"https:\/\/ctyrlistek-pardubice.eu\/pardubicky\/wp-json\/wp\/v2\/pages\/10"}],"wp:attachment":[{"href":"https:\/\/ctyrlistek-pardubice.eu\/pardubicky\/wp-json\/wp\/v2\/media?parent=3124"}],"curies":[{"name":"wp","href":"https:\/\/api.w.org\/{rel}","templated":true}]}}