{"id":4109,"date":"2021-02-28T22:54:08","date_gmt":"2021-02-28T21:54:08","guid":{"rendered":"https:\/\/ctyrlistek-pardubice.eu\/pardubicky\/?page_id=4109"},"modified":"2024-03-12T10:23:59","modified_gmt":"2024-03-12T09:23:59","slug":"distancni-vzdelavani","status":"publish","type":"page","link":"https:\/\/ctyrlistek-pardubice.eu\/pardubicky\/organizace\/distancni-vzdelavani\/","title":{"rendered":"Distan\u010dn\u00ed vzd\u011bl\u00e1v\u00e1n\u00ed"},"content":{"rendered":"\r\n<p><strong>Inspirace rodi\u010d\u016fm pro p\u0159\u00edpravu nab\u00eddky v\u00a0souladu s\u00a0RVP PV<\/strong><\/p>\r\n\r\n\r\n\r\n<p><strong><u>D\u00edt\u011b a jeho t\u011blo<\/u><\/strong><\/p>\r\n\r\n\r\n\r\n<ul class=\"wp-block-list\">\r\n<li>dostatek voln\u00e9ho pohybu;<\/li>\r\n<li>praktick\u00e9 \u010dinnosti podporuj\u00edc\u00ed hrubou i jemnou motoriku (ut\u00edr\u00e1n\u00ed n\u00e1dob\u00ed, zal\u00e9v\u00e1n\u00ed kv\u011btin, v\u011b\u0161en\u00ed a\u00a0skl\u00e1d\u00e1n\u00ed pr\u00e1dla, prost\u00edr\u00e1n\u00ed stolu\u2026);<\/li>\r\n<li>hry se stavebnicemi, s\u00a0m\u00ed\u010dem, navl\u00e9k\u00e1n\u00ed kor\u00e1l\u016f;<\/li>\r\n<li>sebeobslu\u017en\u00e9 \u010dinnosti (obl\u00e9k\u00e1n\u00ed, hygiena, stolov\u00e1n\u00ed);<\/li>\r\n<li>hry s\u00a0p\u00edskem apod.<\/li>\r\n<\/ul>\r\n\r\n\r\n\r\n<p><strong><u>D\u00edt\u011b a jeho psychika<\/u><\/strong><u><\/u><\/p>\r\n\r\n\r\n\r\n<ul class=\"wp-block-list\">\r\n<li>\u010dten\u00ed, vypr\u00e1v\u011bn\u00ed, naslouch\u00e1n\u00ed \u2013 vz\u00e1jemn\u011b (d\u00edt\u011b i v\u00a0roli vyprav\u011b\u010de, rodi\u010d i v\u00a0roli naslouchaj\u00edc\u00edho);<\/li>\r\n<li>zkoum\u00e1n\u00ed a pozorov\u00e1n\u00ed v\u00a0p\u0159\u00edrod\u011b, sledov\u00e1n\u00ed jev\u016f (kl\u00ed\u010den\u00ed rostlin, sledov\u00e1n\u00ed po\u010das\u00ed\u2026);<\/li>\r\n<li>hry podporuj\u00edc\u00ed pam\u011b\u0165 (pexeso, Kimova hra, hry se slovy\u2026);<\/li>\r\n<li>hry podporuj\u00edc\u00ed p\u0159edstavivost (stavebnice, skl\u00e1da\u010dky, kreslen\u00ed, malov\u00e1n\u00ed\u2026);<\/li>\r\n<li>manipulace s\u00a0p\u0159edm\u011bty, zkoum\u00e1n\u00ed a pojmenov\u00e1n\u00ed jejich vlastnost\u00ed (velikost, barva, v\u016fn\u011b, tvar\u2026);<\/li>\r\n<li>t\u0159\u00edd\u011bn\u00ed, p\u0159i\u0159azov\u00e1n\u00ed podle ur\u010den\u00fdch vlastnost\u00ed (t\u0159\u00edd\u011bn\u00ed p\u0159\u00edbor\u016f, p\u00e1rov\u00e1n\u00ed pono\u017eek\u2026);<\/li>\r\n<li>hry pro orientaci v\u00a0prostoru a rovin\u011b (hra na schov\u00e1vanou, vyhled\u00e1v\u00e1n\u00ed detail\u016f v\u00a0obr\u00e1zku\u2026) apod.<\/li>\r\n<\/ul>\r\n\r\n\r\n\r\n<p><strong><u>D\u00edt\u011b a ten druh\u00fd<\/u><\/strong><u><\/u><\/p>\r\n\r\n\r\n\r\n<ul class=\"wp-block-list\">\r\n<li>spole\u010densk\u00e9 hry;<\/li>\r\n<li>hry s\u00a0pravidly;<\/li>\r\n<li>komunikace s\u00a0druh\u00fdmi, vz\u00e1jemn\u00e1 interakce apod.<\/li>\r\n<\/ul>\r\n\r\n\r\n\r\n<p><strong><u>D\u00edt\u011b a spole\u010dnost<\/u><\/strong><u><\/u><\/p>\r\n\r\n\r\n\r\n<ul class=\"wp-block-list\">\r\n<li>zvyky a tradice ve sv\u00e9m okol\u00ed;<\/li>\r\n<li>pravidla sou\u017eit\u00ed (jak se chov\u00e1m doma, v\u00a0obchod\u011b, v kin\u011b\u2026);<\/li>\r\n<li>n\u00e1m\u011btov\u00e9 hry (hran\u00ed rol\u00ed \u2013 na povol\u00e1n\u00ed, na rodinu\u2026);<\/li>\r\n<li>poslech hudby, seznamov\u00e1n\u00ed s\u00a0um\u011bn\u00edm apod.<\/li>\r\n<\/ul>\r\n\r\n\r\n\r\n<p><strong><u>D\u00edt\u011b a sv\u011bt<\/u><\/strong><u><\/u><\/p>\r\n\r\n\r\n\r\n<ul class=\"wp-block-list\">\r\n<li>pozn\u00e1v\u00e1n\u00ed okol\u00ed;<\/li>\r\n<li>pracovn\u00ed \u010dinnosti (p\u00e9\u010de o rostliny, p\u00e9\u010de o zv\u00ed\u0159ata\u2026);<\/li>\r\n<li>seznamov\u00e1n\u00ed s\u00a0ekologi\u00ed (t\u0159\u00edd\u011bn\u00ed odpadu, \u0161et\u0159en\u00ed vodou a energiemi\u2026) apod.<\/li>\r\n<\/ul>\r\n\r\n\r\n\r\n<p><strong>\u00a0Co by m\u011blo b\u00fdt nejd\u016fle\u017eit\u011bj\u0161\u00ed?<\/strong><\/p>\r\n\r\n\r\n\r\n<ul class=\"wp-block-list\">\r\n<li>V\u011bnujte d\u00edt\u011bti soust\u0159ed\u011bnou pozornost. To znamen\u00e1 vyhradit si na d\u00edt\u011b \u010das, kdy se nebudete v\u011bnovat jin\u00fdm \u010dinnostem, kdy budete pln\u011b zam\u011b\u0159eni na d\u00edt\u011b a na to, co d\u011bl\u00e1, co d\u011bl\u00e1te.<\/li>\r\n<li>Pov\u00eddejte si s\u00a0d\u00edt\u011btem, vypr\u00e1v\u011bjte si.<\/li>\r\n<li>Ka\u017ed\u00fd den si najd\u011bte chv\u00edli na \u010dten\u00ed. Nikdy nen\u00ed brzy na to za\u010d\u00edt d\u011btem \u010d\u00edst, nikdy nen\u00ed pozd\u011b za\u010d\u00edt d\u011btem \u010d\u00edst. M\u016f\u017eete si z\u00a0toho vytvo\u0159it kr\u00e1sn\u00fd ve\u010dern\u00ed ritu\u00e1l p\u0159ed span\u00edm.<\/li>\r\n<li>D\u016fv\u011b\u0159ujte sv\u00e9mu d\u00edt\u011bti. Zvl\u00e1dne toho hodn\u011b, pokud k\u00a0tomu dostane p\u0159\u00edle\u017eitost. Nebojte se, \u017ee rozbije tal\u00ed\u0159, vyleje vodu, rozsype mouku\u2026 to se p\u0159ece stane i n\u00e1m. Vyu\u017eijte takov\u00e9 situace k\u00a0tomu, \u017ee nen\u00ed probl\u00e9m chybovat, ale u\u010dte ho po sob\u011b uklidit (i kdy\u017e to nebude dokonal\u00e9).<\/li>\r\n<li>Zapojujte d\u00edt\u011b do b\u011b\u017en\u00fdch \u010dinnost\u00ed doma, v\u00a0zahrad\u011b i v\u00a0d\u00edln\u011b.<\/li>\r\n<li>Hrajte s\u00a0d\u00edt\u011btem b\u011b\u017en\u011b dostupn\u00e9 hry (pexeso, \u010cern\u00fd Petr, kvarteto\u2026).<\/li>\r\n<li>Dop\u0159ejte d\u00edt\u011bti dostatek r\u016fznorod\u00e9ho pohybu.<\/li>\r\n<li>U\u010dte d\u00edt\u011b dodr\u017eovat pravidla (chov\u00e1n\u00ed, stolov\u00e1n\u00ed\u2026).<\/li>\r\n<\/ul>\r\n\r\n\r\n\r\n<p><em>\u00a0\u00a0\u00a0\u00a0\u00a0\u00a0 Mgr. Hana Splavcov\u00e1, garantka p\u0159ed\u0161koln\u00edho vzd\u011bl\u00e1v\u00e1n\u00ed, NPI \u010cR<\/em><\/p>\r\n\r\n\r\n\r\n<p><strong><u>Zaj\u00edmav\u00e9 odkazy pro rodi\u010de:<\/u><\/strong><\/p>\r\n\r\n\r\n\r\n<p><strong>Jak zvl\u00e1dnout vstup do 1. t\u0159\u00eddy.<\/strong><\/p>\r\n\r\n\r\n\r\n<figure class=\"wp-block-embed\">\r\n<div class=\"wp-block-embed__wrapper\">https:\/\/edu.ceskatelevize.cz\/kabinet\/dil\/220553115500001<\/div>\r\n<\/figure>\r\n\r\n\r\n\r\n<p><strong>Jak spr\u00e1vn\u011b dr\u017eet tu\u017eku a procvi\u010dit ruku.<\/strong><\/p>\r\n\r\n\r\n\r\n<figure class=\"wp-block-embed\">\r\n<div class=\"wp-block-embed__wrapper\">https:\/\/edu.ceskatelevize.cz\/kabinet\/dil\/220553115500002<\/div>\r\n<\/figure>\r\n\r\n\r\n\r\n<div class=\"wp-block-file\"><a href=\"https:\/\/ctyrlistek-pardubice.eu\/pardubicky\/wp-content\/uploads\/sites\/2\/2021\/03\/web-pondeli-22.3.2021.docx\"><strong>Logohr\u00e1tky<\/strong><\/a><a href=\"https:\/\/decko.ceskatelevize.cz\/logohratky\">https:\/\/decko.ceskatelevize.cz\/logohratky<\/a><a href=\"https:\/\/ctyrlistek-pardubice.eu\/pardubicky\/wp-content\/uploads\/sites\/2\/2021\/03\/web-pondeli-22.3.2021.docx\"><br \/><br \/><strong>P\u0159\u00edprava na \u0161koln\u00ed matematiku<\/strong><br \/><\/a><a href=\"https:\/\/digifolio.rvp.cz\/artefact\/file\/download.php?file=66967&amp;view=9641\">https:\/\/digifolio.rvp.cz\/artefact\/file\/download.php?file=66967&amp;view=9641<\/a><a href=\"https:\/\/ctyrlistek-pardubice.eu\/pardubicky\/wp-content\/uploads\/sites\/2\/2021\/03\/web-pondeli-22.3.2021.docx\"><br \/><br \/><strong>S\u00a0d\u011btmi za p\u0159\u00edrodou<\/strong><br \/><\/a><a href=\"https:\/\/digifolio.rvp.cz\/artefact\/file\/download.php?file=66968&amp;view=9641\">https:\/\/digifolio.rvp.cz\/artefact\/file\/download.php?file=66968&amp;view=9641<\/a><a href=\"https:\/\/ctyrlistek-pardubice.eu\/pardubicky\/wp-content\/uploads\/sites\/2\/2021\/03\/web-pondeli-22.3.2021.docx\"><br \/><br \/><strong>\u010cteme s\u00a0d\u011btmi od mali\u010dka<\/strong><br \/><\/a><a href=\"https:\/\/digifolio.rvp.cz\/artefact\/file\/download.php?file=66966&amp;view=9641\">https:\/\/digifolio.rvp.cz\/artefact\/file\/download.php?file=66966&amp;view=9641<\/a><a href=\"https:\/\/ctyrlistek-pardubice.eu\/pardubicky\/wp-content\/uploads\/sites\/2\/2021\/03\/web-pondeli-22.3.2021.docx\"><br \/><br \/><\/a><a class=\"wp-block-file__button\" href=\"https:\/\/ctyrlistek-pardubice.eu\/pardubicky\/wp-content\/uploads\/sites\/2\/2021\/03\/web-pondeli-22.3.2021.docx\">St\u00e1hnout<\/a><\/div>\r\n\r\n\r\n\r\n<p>&nbsp;<\/p>\r\n","protected":false},"excerpt":{"rendered":"<p>Inspirace rodi\u010d\u016fm pro p\u0159\u00edpravu nab\u00eddky v\u00a0souladu s\u00a0RVP PV D\u00edt\u011b a jeho t\u011blo dostatek voln\u00e9ho pohybu; praktick\u00e9 \u010dinnosti podporuj\u00edc\u00ed hrubou i jemnou motoriku (ut\u00edr\u00e1n\u00ed n\u00e1dob\u00ed, zal\u00e9v\u00e1n\u00ed kv\u011btin, v\u011b\u0161en\u00ed a\u00a0skl\u00e1d\u00e1n\u00ed pr\u00e1dla, prost\u00edr\u00e1n\u00ed stolu\u2026); hry se stavebnicemi, s\u00a0m\u00ed\u010dem, navl\u00e9k\u00e1n\u00ed kor\u00e1l\u016f; sebeobslu\u017en\u00e9 \u010dinnosti (obl\u00e9k\u00e1n\u00ed, hygiena, stolov\u00e1n\u00ed); hry s\u00a0p\u00edskem apod. D\u00edt\u011b a jeho psychika \u010dten\u00ed, vypr\u00e1v\u011bn\u00ed, naslouch\u00e1n\u00ed \u2013 vz\u00e1jemn\u011b (d\u00edt\u011b [&hellip;]<\/p>\n","protected":false},"author":1,"featured_media":0,"parent":10,"menu_order":0,"comment_status":"closed","ping_status":"closed","template":"","meta":{"_acf_changed":false,"footnotes":""},"class_list":["post-4109","page","type-page","status-publish","hentry"],"acf":[],"_links":{"self":[{"href":"https:\/\/ctyrlistek-pardubice.eu\/pardubicky\/wp-json\/wp\/v2\/pages\/4109","targetHints":{"allow":["GET"]}}],"collection":[{"href":"https:\/\/ctyrlistek-pardubice.eu\/pardubicky\/wp-json\/wp\/v2\/pages"}],"about":[{"href":"https:\/\/ctyrlistek-pardubice.eu\/pardubicky\/wp-json\/wp\/v2\/types\/page"}],"author":[{"embeddable":true,"href":"https:\/\/ctyrlistek-pardubice.eu\/pardubicky\/wp-json\/wp\/v2\/users\/1"}],"replies":[{"embeddable":true,"href":"https:\/\/ctyrlistek-pardubice.eu\/pardubicky\/wp-json\/wp\/v2\/comments?post=4109"}],"version-history":[{"count":22,"href":"https:\/\/ctyrlistek-pardubice.eu\/pardubicky\/wp-json\/wp\/v2\/pages\/4109\/revisions"}],"predecessor-version":[{"id":9598,"href":"https:\/\/ctyrlistek-pardubice.eu\/pardubicky\/wp-json\/wp\/v2\/pages\/4109\/revisions\/9598"}],"up":[{"embeddable":true,"href":"https:\/\/ctyrlistek-pardubice.eu\/pardubicky\/wp-json\/wp\/v2\/pages\/10"}],"wp:attachment":[{"href":"https:\/\/ctyrlistek-pardubice.eu\/pardubicky\/wp-json\/wp\/v2\/media?parent=4109"}],"curies":[{"name":"wp","href":"https:\/\/api.w.org\/{rel}","templated":true}]}}