{"id":7,"date":"2016-12-12T22:13:46","date_gmt":"2016-12-12T21:13:46","guid":{"rendered":"http:\/\/ctyrlistek-pardubice.eu\/pardubicky\/?page_id=7"},"modified":"2025-09-19T11:42:36","modified_gmt":"2025-09-19T09:42:36","slug":"o-nas","status":"publish","type":"page","link":"https:\/\/ctyrlistek-pardubice.eu\/pardubicky\/o-nas\/","title":{"rendered":"O n\u00e1s"},"content":{"rendered":"<h3><strong>Poloha mate\u0159sk\u00e9 \u0161koly je v klidn\u00e9 \u010d\u00e1sti na okraji m\u011bsta, ve vilov\u00e9 \u010dtvrti Pardubi\u010dky. Nedaleko se vyskytuje chr\u00e1n\u011bn\u00e1 oblast Nemo\u0161ick\u00e1 str\u00e1\u0148. Koncepce mate\u0159sk\u00e9 \u0161koly je zam\u011b\u0159en\u00e1 na ochranu p\u0159\u00edrody a \u017eivotn\u00edho prost\u0159ed\u00ed. K realizaci t\u00e9to koncepce p\u0159isp\u00edvaj\u00ed i dal\u0161\u00ed aktivity jako je spolupr\u00e1ce s EKO centrem Paleta, p\u00e9\u010de o ptactvo v zim\u011b a t\u0159\u00edd\u011bn\u00ed odpad\u016f (aktivn\u00ed \u00fa\u010dast v sout\u011b\u017ei ve sb\u011bru PET lahv\u00ed).\u00a0<\/strong><\/h3>\r\n<h2>Charakteristika vzd\u011bl\u00e1vac\u00edho programu<strong>\u00a0<a href=\"http:\/\/chrome-extension:\/\/efaidnbmnnnibpcajpcglclefindmkaj\/https:\/\/ctyrlistek-pardubice.eu\/wp-content\/themes\/ms-ctyrlistek\/imageprotector.php?filename=sites\/2\/2024\/09\/Spolecne-poznavame-svet.pdf\"><span style=\"color: #008000\">\u201e<\/span><\/a><span style=\"color: #008000\">Pozn\u00e1v\u00e1me sv\u011bt\u201c:<\/span><\/strong><\/h2>\r\n<p><strong>motto:<\/strong>\u00a0\u00a0<span style=\"color: #008000\"><strong>\u2026pozn\u00e1v\u00e1me, \u017ee sv\u011bt je pln\u00fd vody, zem\u011b, zv\u00ed\u0159at,<\/strong><\/span><\/p>\r\n<p><span style=\"color: #008000\"><strong>\u017ee sv\u011bt je pln\u00fd rostlin, hra\u010dek, lid\u00ed a v\u011bc\u00ed<\/strong><\/span><\/p>\r\n<p><span style=\"color: #008000\"><strong>a o n\u011bm si budeme spole\u010dn\u011b pov\u00eddat p\u0159eci\u2026<\/strong><\/span><\/p>\r\n<p>N\u00e1\u0161 \u0161koln\u00ed vzd\u011bl\u00e1vac\u00ed program respektuje r\u00e1mcov\u00e9 c\u00edle\u00a0p\u0159ed\u0161koln\u00edho\u00a0vzd\u011bl\u00e1v\u00e1n\u00ed, tedy dov\u00e9st d\u00edt\u011b na konci jeho p\u0159ed\u0161koln\u00edho obdob\u00ed k tomu, aby v rozsahu sv\u00fdch osobn\u00edch p\u0159edpoklad\u016f z\u00edskalo v\u011bku p\u0159im\u011b\u0159enou fyzickou, psychickou i soci\u00e1ln\u00ed samostatnost a z\u00e1klady kompetenc\u00ed d\u016fle\u017eit\u00fdch pro jeho dal\u0161\u00ed rozvoj a u\u010den\u00ed, pro \u017eivot a vzd\u011bl\u00e1n\u00ed.<\/p>\r\n<h2>Nadstandardn\u00ed aktivity<\/h2>\r\n<p>V\u0161echny d\u011bti maj\u00ed mo\u017enost \u00fa\u010dastnit se v hlavn\u00edm vzd\u011bl\u00e1vac\u00edm proudu aktivit pod veden\u00edm t\u0159\u00eddn\u00edch u\u010ditelek, jako je:<\/p>\r\n<ul>\r\n<li><strong>angli\u010dtina\u00a0<\/strong>pro p\u0159ed\u0161koln\u00ed d\u011bti<\/li>\r\n<li><strong>netradi\u010dn\u00ed v\u00fdtvarn\u00e9 tvo\u0159en\u00ed \u00a0<\/strong>pro p\u0159ed\u0161koln\u00ed i mlad\u0161\u00ed d\u011bti\u00a0<\/li>\r\n<li><strong>h\u00fdb\u00e1nky<\/strong> (pohybov\u00e9 hry pro d\u011bti mlad\u0161\u00edho v\u011bku)\u00a0<\/li>\r\n<\/ul>\r\n<p><span style=\"color: #008000\"><strong>Dal\u0161\u00ed:<\/strong><\/span><\/p>\r\n<ul>\r\n<li><strong>Plav\u00e1n\u00ed<\/strong>:\u00a0za poplatek, dle z\u00e1jmu rodi\u010d\u016f<\/li>\r\n<li><strong>Logopedie<\/strong>:\u00a0dle pot\u0159eby d\u011bt\u00ed,\u00a0zdarma<\/li>\r\n<li><strong>In-line:<\/strong> za poplatek, dle z\u00e1jmu rodi\u010d\u016f<\/li>\r\n<li><strong>Ly\u017eov\u00e1n\u00ed:<\/strong> za poplatek, dle z\u00e1jmu rodi\u010d\u016f<\/li>\r\n<li><strong>Zrakov\u00fd screening: <\/strong>prevence zraku<\/li>\r\n<li><strong>Logopedick\u00e1 depist\u00e1\u017e:\u00a0<\/strong>Mgr. Dana Markov\u00e1 &#8211; speci\u00e1ln\u00ed pedagog a logoped<\/li>\r\n<\/ul>\r\n<p><strong>Ochrana osobn\u00edch \u00fadaj\u016f<\/strong><\/p>\r\n<p><a href=\"https:\/\/ctyrlistek-pardubice.eu\/pardubicky\/gdpr-general-data-protection-regulation\/\">Ochrana osobn\u00edch \u00fadaj\u016f (GDPR)<\/a><\/p>\r\n\r\n<figure class=\"wp-block-gallery has-nested-images columns-default is-cropped wp-block-gallery-1 is-layout-flex wp-block-gallery-is-layout-flex\"><\/figure>\r\n\r\n\r\n","protected":false},"excerpt":{"rendered":"<p>Poloha mate\u0159sk\u00e9 \u0161koly je v klidn\u00e9 \u010d\u00e1sti na okraji m\u011bsta, ve vilov\u00e9 \u010dtvrti Pardubi\u010dky. Nedaleko se vyskytuje chr\u00e1n\u011bn\u00e1 oblast Nemo\u0161ick\u00e1 str\u00e1\u0148. Koncepce mate\u0159sk\u00e9 \u0161koly je zam\u011b\u0159en\u00e1 na ochranu p\u0159\u00edrody a \u017eivotn\u00edho prost\u0159ed\u00ed. K realizaci t\u00e9to koncepce p\u0159isp\u00edvaj\u00ed i dal\u0161\u00ed aktivity jako je spolupr\u00e1ce s EKO centrem Paleta, p\u00e9\u010de o ptactvo v zim\u011b a t\u0159\u00edd\u011bn\u00ed odpad\u016f [&hellip;]<\/p>\n","protected":false},"author":1,"featured_media":0,"parent":0,"menu_order":2,"comment_status":"closed","ping_status":"closed","template":"","meta":{"_acf_changed":false,"footnotes":""},"class_list":["post-7","page","type-page","status-publish","hentry"],"acf":[],"_links":{"self":[{"href":"https:\/\/ctyrlistek-pardubice.eu\/pardubicky\/wp-json\/wp\/v2\/pages\/7","targetHints":{"allow":["GET"]}}],"collection":[{"href":"https:\/\/ctyrlistek-pardubice.eu\/pardubicky\/wp-json\/wp\/v2\/pages"}],"about":[{"href":"https:\/\/ctyrlistek-pardubice.eu\/pardubicky\/wp-json\/wp\/v2\/types\/page"}],"author":[{"embeddable":true,"href":"https:\/\/ctyrlistek-pardubice.eu\/pardubicky\/wp-json\/wp\/v2\/users\/1"}],"replies":[{"embeddable":true,"href":"https:\/\/ctyrlistek-pardubice.eu\/pardubicky\/wp-json\/wp\/v2\/comments?post=7"}],"version-history":[{"count":49,"href":"https:\/\/ctyrlistek-pardubice.eu\/pardubicky\/wp-json\/wp\/v2\/pages\/7\/revisions"}],"predecessor-version":[{"id":15942,"href":"https:\/\/ctyrlistek-pardubice.eu\/pardubicky\/wp-json\/wp\/v2\/pages\/7\/revisions\/15942"}],"wp:attachment":[{"href":"https:\/\/ctyrlistek-pardubice.eu\/pardubicky\/wp-json\/wp\/v2\/media?parent=7"}],"curies":[{"name":"wp","href":"https:\/\/api.w.org\/{rel}","templated":true}]}}