{"id":9460,"date":"2024-02-27T17:17:15","date_gmt":"2024-02-27T16:17:15","guid":{"rendered":"https:\/\/ctyrlistek-pardubice.eu\/pardubicky\/?page_id=9460"},"modified":"2026-01-20T12:49:49","modified_gmt":"2026-01-20T11:49:49","slug":"projekty-ms","status":"publish","type":"page","link":"https:\/\/ctyrlistek-pardubice.eu\/pardubicky\/organizace\/projekty-ms\/","title":{"rendered":"Projekty M\u0160"},"content":{"rendered":"<h2>Seznam v\u0161ech projekt\u016f na\u0161\u00ed mate\u0159sk\u00e9 \u0161koly<\/h2>\n<p><span style=\"color: #008000\"><strong>Celoro\u010dn\u00ed projekty:\u00a0<\/strong><\/span><\/p>\n<p><strong>1\/<\/strong>\u00a0<strong><a href=\"https:\/\/ctyrlistek-pardubice.eu\/wp-content\/themes\/ms-ctyrlistek\/imageprotector.php?filename=sites\/3\/2024\/02\/Bezva-hrani-s-kamarady-nastenka-oprava-1.pdf\">\u201eBezva hran\u00ed s kamar\u00e1dy\u201c<\/a>\u00a0<\/strong>\u2013 celoro\u010dn\u00ed projekt zam\u011b\u0159en\u00fd na rozvoj pohybu, smyslov\u00e9ho vn\u00edm\u00e1n\u00ed a spolupr\u00e1ci d\u011bt\u00ed<\/p>\n<p><strong>2\/<\/strong>\u00a0<a href=\"https:\/\/ctyrlistek-pardubice.eu\/wp-content\/themes\/ms-ctyrlistek\/imageprotector.php?filename=sites\/3\/2024\/03\/Voda-zaklad-zivota-nastenka.pdf\"><strong>\u201eVoda z\u00e1klad \u017eivota\u201c<\/strong><\/a>\u00a0\u2013 celoro\u010dn\u00ed environment\u00e1ln\u00ed projekt<\/p>\n<p><strong>3\/ <a href=\"https:\/\/ctyrlistek-pardubice.eu\/wp-content\/themes\/ms-ctyrlistek\/imageprotector.php?filename=sites\/3\/2024\/03\/Jak-vyzrat-na-odpad-nastenka.pdf\">\u201eJak vyzr\u00e1t na odpad\u201c<\/a><\/strong>\u00a0\u2013 celoro\u010dn\u00ed environment\u00e1ln\u00ed projekt<\/p>\n<p><strong>4\/ <a href=\"https:\/\/ctyrlistek-pardubice.eu\/wp-content\/themes\/ms-ctyrlistek\/imageprotector.php?filename=sites\/3\/2024\/03\/Jak-na-chut-ke-zdravemu-jidlu.pdf\">\u201eJak na chu\u0165 ke zdrav\u00e9mu j\u00eddlu\u201c<\/a><\/strong>\u00a0\u2013 celoro\u010dn\u00ed projekt o zdrav\u00e9 \u017eivotospr\u00e1v\u011b<\/p>\n<p><strong>5\/<a href=\"https:\/\/ctyrlistek-pardubice.eu\/wp-content\/themes\/ms-ctyrlistek\/imageprotector.php?filename=sites\/2\/2024\/03\/Cesta-ke-ctnostem-nastenka-1.pdf\"> &#8222;Cesta ke ctnostem&#8220;<\/a><\/strong>&#8211; celoro\u010dn\u00ed projekt<\/p>\n<p><span style=\"color: #008000\"><strong>Kr\u00e1tkodob\u00e9 projekty:<\/strong><\/span><\/p>\n<p><strong>6\/<\/strong>\u00a0<a href=\"https:\/\/ctyrlistek-pardubice.eu\/wp-content\/themes\/ms-ctyrlistek\/imageprotector.php?filename=sites\/2\/2024\/03\/Jede-Martin.-NASTENKA.pdf\"><strong>\u201eJede Martin na b\u00edl\u00e9m koni, podk\u016fvky vesele zvon\u00ed\u201c<\/strong><\/a> \u2013 tradi\u010dn\u00ed projekt<\/p>\n<p><strong>7\/<\/strong> <a href=\"https:\/\/ctyrlistek-pardubice.eu\/wp-content\/themes\/ms-ctyrlistek\/imageprotector.php?filename=sites\/2\/2025\/03\/nastenka-moje-kniha-Pardubicky.pdf\"><strong>\u201e<\/strong><strong>Moje kniha&#8220;<\/strong><\/a>\u2013 akce pro rodi\u010de, d\u011bti i p\u0159\u00e1tele \u0161koly M\u0160 \u010cty\u0159l\u00edstek Pardubi\u010dky<\/p>\n<p><strong>8\/<\/strong><a href=\"https:\/\/ctyrlistek-pardubice.eu\/wp-content\/themes\/ms-ctyrlistek\/imageprotector.php?filename=sites\/2\/2025\/03\/nastenka-kolobezkovani-Pardubicky.pdf\">\u00a0<strong>\u201eKolob\u011b\u017ekov\u00e1n\u00ed<\/strong> <\/a>\u2013 tradi\u010dn\u00ed projektov\u00fd den pro d\u011bti M\u0160 \u010cty\u0159l\u00edstek Pardubi\u010dky<\/p>\n<p><strong>9\/ <a href=\"https:\/\/ctyrlistek-pardubice.eu\/wp-content\/themes\/ms-ctyrlistek\/imageprotector.php?filename=sites\/3\/2024\/03\/Ptaci-v-zime-nastenka-1.pdf\">\u201ePt\u00e1ci v zim\u011b\u201c<\/a><\/strong>\u00a0\u2013 environment\u00e1ln\u00ed projekt<\/p>\n<p><strong>10\/<\/strong><strong><a href=\"https:\/\/ctyrlistek-pardubice.eu\/wp-content\/themes\/ms-ctyrlistek\/imageprotector.php?filename=sites\/3\/2024\/03\/Zdravy-zoubek-je-vesely-zoubek.pdf\">\u00a0\u201eZdrav\u00fd zoubek je vesel\u00fd zoubek\u201c<\/a>\u00a0<\/strong>\u2013 prevence &#8211; p\u00e9\u010de o chrup<\/p>\n<p><strong>11\/<\/strong>\u00a0<a href=\"https:\/\/ctyrlistek-pardubice.eu\/wp-content\/themes\/ms-ctyrlistek\/imageprotector.php?filename=sites\/3\/2024\/06\/Cary-mary-carujem-nastenka.pdf\"><strong>\u201e\u010c\u00e1ry m\u00e1ry \u010darujem\u201c\u00a0<\/strong><\/a>\u2013 akce pro rodi\u010de, d\u011bti a p\u0159\u00e1tele \u0161koly<\/p>\n<p><strong>12\/ <a href=\"https:\/\/ctyrlistek-pardubice.eu\/wp-content\/themes\/ms-ctyrlistek\/imageprotector.php?filename=sites\/2\/2024\/03\/mamo-tato-pojd-si-hrat-oprava.pdf\">&#8222;M\u00e1mo, t\u00e1to, poj\u010f si hr\u00e1t&#8220;<\/a><\/strong> &#8211; tradi\u010dn\u00ed projektov\u00fd den pro rodi\u010de, d\u011bti a p\u0159\u00e1tele \u0161koly<\/p>\n<p><strong>13\/ <a href=\"https:\/\/ctyrlistek-pardubice.eu\/wp-content\/themes\/ms-ctyrlistek\/imageprotector.php?filename=sites\/2\/2025\/02\/Tyden-detske-radosti-aneb-Po-stopach-indianu-nastenka.pdf\">&#8222;T\u00fdden d\u011btsk\u00e9 radosti&#8220;<\/a><\/strong> &#8211; tradi\u010dn\u00ed projektov\u00fd t\u00fdden pro d\u011bti a p\u0159\u00e1tele \u0161koly<\/p>\n<h2>T\u0159\u00eddn\u00ed projekty realizovan\u00e9 ve \u0161koln\u00edm roce 2024\/2025<\/h2>\n<p><strong>t\u0159\u00edda: Ku\u0159\u00e1tka<\/strong><\/p>\n<ul>\n<li>&#8222;Cesta ke ctnostem&#8220;<\/li>\n<li>&#8222;\u010c\u00e1ry m\u00e1ry \u010darujem&#8220;<\/li>\n<li>&#8222;M\u00e1mo, t\u00e1to, poj\u010f si hr\u00e1t&#8220;<\/li>\n<li>&#8222;Kolob\u011b\u017ekov\u00e1n\u00ed&#8220;<\/li>\n<li>&#8222;T\u00fdden d\u011btsk\u00e9 radosti&#8220;<\/li>\n<li>&#8222;Jak na chu\u0165 ke zdrav\u00e9mu j\u00eddlu&#8220;<\/li>\n<\/ul>\n<p><strong>t\u0159\u00edda: Mot\u00fdlci<\/strong><\/p>\n<ul>\n<li>&#8222;Cesta ke ctnostem&#8220;<\/li>\n<li>&#8222;Bezva hran\u00ed s kamar\u00e1dy&#8220;<\/li>\n<li>&#8222;\u010c\u00e1ry m\u00e1ry \u010darujem&#8220;<\/li>\n<li>&#8222;M\u00e1mo, t\u00e1to, poj\u010f si hr\u00e1t&#8220;<\/li>\n<li>&#8222;Kolob\u011b\u017ekov\u00e1n\u00ed&#8220;<\/li>\n<li>&#8222;Moje kniha&#8220;<\/li>\n<li>&#8222;Jak na chu\u0165 ke zdrav\u00e9mu j\u00eddlu&#8220;<\/li>\n<li>&#8222;T\u00fdden d\u011btsk\u00e9 radosti&#8220;<\/li>\n<\/ul>\n<p>(Rozbal zde: \u2193)<\/p>\n<h2><a href=\"https:\/\/ctyrlistek-pardubice.eu\/wp-content\/themes\/ms-ctyrlistek\/imageprotector.php?filename=sites\/2\/2024\/09\/PRAVIDLA-TRIDENI-ODPADU.pdf\">T\u0159\u00edd\u00edme, sb\u00edr\u00e1me..<\/a><\/h2>\n<p><span style=\"color: #008000\"><strong>Spole\u010dnost Odpady a.s. poskytly M\u0160 \u010cty\u0159l\u00edstek v roce 2025 dar ve v\u00fd\u0161i 9 500,- K\u010d za \u00fa\u010delem financov\u00e1n\u00ed \u0161kolstv\u00ed a vzd\u011bl\u00e1n\u00ed, na podporu a ochranu ml\u00e1de\u017ee.\u00a0<\/strong><\/span><\/p>\n<h3><span style=\"color: #0000ff\"><a style=\"color: #0000ff\" href=\"https:\/\/ctyrlistek-pardubice.eu\/wp-content\/themes\/ms-ctyrlistek\/imageprotector.php?filename=sites\/3\/2025\/09\/Projekt-Sablony-pro-MS-a-ZS-II.pdf\">Projekt \u0160ablony pro M\u0160 a Z\u0160 II<\/a><\/span><\/h3>\n<p>C\u00edlem Opera\u010dn\u00edho programu Jan Amos Komensk\u00fd je podpora rozvoje otev\u0159en\u00e9 a vzd\u011blan\u00e9 spole\u010dnosti zalo\u017een\u00e9 na znalostech a dovednostech, rovn\u00fdch p\u0159\u00edle\u017eitostech a rozv\u00edjej\u00edc\u00ed potenci\u00e1l ka\u017ed\u00e9ho jednotlivce, kter\u00e1 povede k r\u016fstu konkurenceschopnosti \u010cesk\u00e9 republiky a zlep\u0161en\u00ed \u017eivotn\u00edch podm\u00ednek jej\u00edch obyvatel.<\/p>\n<p>&nbsp;<\/p>\n","protected":false},"excerpt":{"rendered":"<p>Seznam v\u0161ech projekt\u016f na\u0161\u00ed mate\u0159sk\u00e9 \u0161koly Celoro\u010dn\u00ed projekty:\u00a0 1\/\u00a0\u201eBezva hran\u00ed s kamar\u00e1dy\u201c\u00a0\u2013 celoro\u010dn\u00ed projekt zam\u011b\u0159en\u00fd na rozvoj pohybu, smyslov\u00e9ho vn\u00edm\u00e1n\u00ed a spolupr\u00e1ci d\u011bt\u00ed 2\/\u00a0\u201eVoda z\u00e1klad \u017eivota\u201c\u00a0\u2013 celoro\u010dn\u00ed environment\u00e1ln\u00ed projekt 3\/ \u201eJak vyzr\u00e1t na odpad\u201c\u00a0\u2013 celoro\u010dn\u00ed environment\u00e1ln\u00ed projekt 4\/ \u201eJak na chu\u0165 ke zdrav\u00e9mu j\u00eddlu\u201c\u00a0\u2013 celoro\u010dn\u00ed projekt o zdrav\u00e9 \u017eivotospr\u00e1v\u011b 5\/ &#8222;Cesta ke ctnostem&#8220;&#8211; celoro\u010dn\u00ed projekt [&hellip;]<\/p>\n","protected":false},"author":1,"featured_media":0,"parent":10,"menu_order":0,"comment_status":"closed","ping_status":"closed","template":"","meta":{"_acf_changed":false,"footnotes":""},"class_list":["post-9460","page","type-page","status-publish","hentry"],"acf":[],"_links":{"self":[{"href":"https:\/\/ctyrlistek-pardubice.eu\/pardubicky\/wp-json\/wp\/v2\/pages\/9460","targetHints":{"allow":["GET"]}}],"collection":[{"href":"https:\/\/ctyrlistek-pardubice.eu\/pardubicky\/wp-json\/wp\/v2\/pages"}],"about":[{"href":"https:\/\/ctyrlistek-pardubice.eu\/pardubicky\/wp-json\/wp\/v2\/types\/page"}],"author":[{"embeddable":true,"href":"https:\/\/ctyrlistek-pardubice.eu\/pardubicky\/wp-json\/wp\/v2\/users\/1"}],"replies":[{"embeddable":true,"href":"https:\/\/ctyrlistek-pardubice.eu\/pardubicky\/wp-json\/wp\/v2\/comments?post=9460"}],"version-history":[{"count":77,"href":"https:\/\/ctyrlistek-pardubice.eu\/pardubicky\/wp-json\/wp\/v2\/pages\/9460\/revisions"}],"predecessor-version":[{"id":17582,"href":"https:\/\/ctyrlistek-pardubice.eu\/pardubicky\/wp-json\/wp\/v2\/pages\/9460\/revisions\/17582"}],"up":[{"embeddable":true,"href":"https:\/\/ctyrlistek-pardubice.eu\/pardubicky\/wp-json\/wp\/v2\/pages\/10"}],"wp:attachment":[{"href":"https:\/\/ctyrlistek-pardubice.eu\/pardubicky\/wp-json\/wp\/v2\/media?parent=9460"}],"curies":[{"name":"wp","href":"https:\/\/api.w.org\/{rel}","templated":true}]}}